{"id":37431,"date":"2026-01-16T13:28:08","date_gmt":"2026-01-16T12:28:08","guid":{"rendered":"https:\/\/mailmergic.com\/historias-de-clientes\/austin-premier-realty\/"},"modified":"2026-01-16T13:39:36","modified_gmt":"2026-01-16T12:39:36","slug":"austin-premier-realty","status":"publish","type":"page","link":"https:\/\/mailmergic.com\/pt-br\/historias-de-clientes\/austin-premier-realty\/","title":{"rendered":"Austin Premier Realty"},"content":{"rendered":"\n<p>Sarah Martinez e sua equipe na Austin Premier Realty usam a gera\u00e7\u00e3o automatizada de documentos para dimensionar sua corretora sem aumentar o n\u00famero de funcion\u00e1rios. Em um mercado de alto volume, onde as equipes de melhor desempenho viram o volume de transa\u00e7\u00f5es aumentar em mais de 400%, a administra\u00e7\u00e3o de back-end (contratos de listagem, divulga\u00e7\u00f5es e contratos de compra) \u00e9 frequentemente o maior gargalo. Ao conectar seus dados de transa\u00e7\u00e3o no Excel diretamente aos modelos oficiais em PDF, a equipe de Sarah agora gera pacotes de documentos complexos em segundos, em vez de horas. O sistema n\u00e3o requer codifica\u00e7\u00e3o ou suporte de TI, permitindo que os agentes se concentrem em consultoria e negocia\u00e7\u00f5es de alto valor para o cliente, em vez de entrada manual de dados.   <\/p>\n\n<figure class=\"wp-block-image size-large\"><img fetchpriority=\"high\" decoding=\"async\" width=\"683\" height=\"1024\" src=\"https:\/\/mailmergic.com\/wp-content\/uploads\/2026\/01\/austin-premier-realtor-1-683x1024.png\" alt=\"\" class=\"wp-image-37397\" title=\"\" srcset=\"https:\/\/mailmergic.com\/wp-content\/uploads\/2026\/01\/austin-premier-realtor-1-683x1024.png 683w, https:\/\/mailmergic.com\/wp-content\/uploads\/2026\/01\/austin-premier-realtor-1-200x300.png 200w, https:\/\/mailmergic.com\/wp-content\/uploads\/2026\/01\/austin-premier-realtor-1-768x1152.png 768w, https:\/\/mailmergic.com\/wp-content\/uploads\/2026\/01\/austin-premier-realtor-1.png 1024w\" sizes=\"(max-width: 683px) 100vw, 683px\" \/><figcaption class=\"wp-element-caption\">Sarah Martinez, Agente L\u00edder da Austin Premier Realty<\/figcaption><\/figure>\n<h2 class=\"wp-block-heading\" id=\"o-desafio\">O desafio<\/h2>\n<p>A Austin Premier Realty enfrentou um &#8220;teto de papelada manual&#8221;. Sarah e sua equipe estavam perdendo aproximadamente 22 horas por semana em tarefas administrativas que n\u00e3o geravam receita diretamente. O processo tradicional envolvia copiar manualmente os detalhes da propriedade do MLS e digitar as informa\u00e7\u00f5es do cliente de seu CRM em v\u00e1rios formul\u00e1rios. Esse fluxo de trabalho fragmentado n\u00e3o era apenas um dreno temporal, mas tamb\u00e9m acarretava riscos financeiros e legais significativos. Uma \u00fanica data mal colocada ou divulga\u00e7\u00e3o ausente em uma transa\u00e7\u00e3o residencial pode prejudicar um fechamento ou resultar na perda do dep\u00f3sito. A equipe precisava de uma solu\u00e7\u00e3o que garantisse 100% de consist\u00eancia de dados em todos os documentos em um arquivo de transa\u00e7\u00e3o, sem o &#8220;trabalho \u00e1rduo&#8221; da digita\u00e7\u00e3o repetitiva.     <\/p>\n\n<figure class=\"wp-block-image size-full\"><img decoding=\"async\" width=\"1024\" height=\"683\" src=\"https:\/\/mailmergic.com\/wp-content\/uploads\/2026\/01\/austin-premier-realtor-2-1.png\" alt=\"\" class=\"wp-image-37415\" title=\"\" srcset=\"https:\/\/mailmergic.com\/wp-content\/uploads\/2026\/01\/austin-premier-realtor-2-1.png 1024w, https:\/\/mailmergic.com\/wp-content\/uploads\/2026\/01\/austin-premier-realtor-2-1-300x200.png 300w, https:\/\/mailmergic.com\/wp-content\/uploads\/2026\/01\/austin-premier-realtor-2-1-768x512.png 768w\" sizes=\"(max-width: 1024px) 100vw, 1024px\" \/><figcaption class=\"wp-element-caption\">Nos bastidores do escrit\u00f3rio da Austin Premier Realty<\/figcaption><\/figure>\n<h2 class=\"wp-block-heading\" id=\"a-solucao\">A solu\u00e7\u00e3o<\/h2>\n<p>Sarah implementou uma estrutura de automa\u00e7\u00e3o unificada que transformou contratos est\u00e1ticos em ativos din\u00e2micos.<sup><\/sup>  A equipe configurou o processo em quatro etapas simplificadas:  <\/p>\n\n<ol start=\"1\" class=\"wp-block-list\">\n<li><strong>Preparar Modelos:<\/strong> Eles criaram uma biblioteca de modelos PDF &#8220;prontos para usar&#8221; para contratos de listagem, contratos de representa\u00e7\u00e3o do comprador e divulga\u00e7\u00f5es exigidas pelo estado com campos interativos.<\/li>\n\n\n\n<li><strong>Centralizar Dados:<\/strong> Os agentes mant\u00eam uma \u00fanica pasta de trabalho do Excel para cada transa\u00e7\u00e3o, atuando como a &#8220;fonte da verdade&#8221; para nomes de clientes, descri\u00e7\u00f5es legais e datas cr\u00edticas.<\/li>\n\n\n\n<li><strong>Mesclar Instantaneamente:<\/strong> Com um clique, os dados s\u00e3o extra\u00eddos do Excel para preencher todo o pacote de documentos. A valida\u00e7\u00e3o integrada do sistema sinaliza automaticamente incompatibilidades ou informa\u00e7\u00f5es ausentes antes que os documentos sejam finalizados. <\/li>\n\n\n\n<li><strong>Executar e Rastrear:<\/strong> Os documentos mesclados s\u00e3o automaticamente encaminhados para assinaturas eletr\u00f4nicas, com o sistema enviando lembretes \u00e0s partes interessadas para garantir que nenhum prazo seja perdido.<\/li>\n<\/ol>\n\n<figure class=\"wp-block-image size-large\"><img decoding=\"async\" width=\"1024\" height=\"683\" src=\"https:\/\/mailmergic.com\/wp-content\/uploads\/2026\/01\/austin-premier-realtor-3-1024x683.png\" alt=\"\" class=\"wp-image-37409\" title=\"\" srcset=\"https:\/\/mailmergic.com\/wp-content\/uploads\/2026\/01\/austin-premier-realtor-3-1024x683.png 1024w, https:\/\/mailmergic.com\/wp-content\/uploads\/2026\/01\/austin-premier-realtor-3-300x200.png 300w, https:\/\/mailmergic.com\/wp-content\/uploads\/2026\/01\/austin-premier-realtor-3-768x512.png 768w, https:\/\/mailmergic.com\/wp-content\/uploads\/2026\/01\/austin-premier-realtor-3.png 1536w\" sizes=\"(max-width: 1024px) 100vw, 1024px\" \/><figcaption class=\"wp-element-caption\">Precis\u00e3o em cada clique<\/figcaption><\/figure>\n<h2 class=\"wp-block-heading\" id=\"resultados-e-beneficios\">Resultados e benef\u00edcios<\/h2>\n<p>Desde que adotou essa abordagem automatizada, a Austin Premier Realty transformou sua efici\u00eancia operacional:<\/p>\n\n<ul class=\"wp-block-list\">\n<li><strong>Economia de Tempo Enorme:<\/strong> O tempo de gera\u00e7\u00e3o de documentos diminuiu em mais de 90%. Elaborar um pacote de contrato complexo que antes levava de 4 a 8 horas agora \u00e9 conclu\u00eddo em aproximadamente 90 segundos. <\/li>\n\n\n\n<li><strong>Capacidade de Crescimento Recuperada:<\/strong> Cada membro da equipe recupera de 15 a 20 horas por semana. Sarah conseguiu aumentar seu volume de transa\u00e7\u00f5es em 40% sem adicionar nenhum funcion\u00e1rio administrativo adicional. <\/li>\n\n\n\n<li><strong>Taxas de Erro em Queda:<\/strong> Ao eliminar a transcri\u00e7\u00e3o manual, a empresa viu uma redu\u00e7\u00e3o de 85% nos erros de documentos. A consist\u00eancia em todos os formul\u00e1rios protege a corretora de lacunas de conformidade e responsabilidades legais. <\/li>\n\n\n\n<li><strong>Experi\u00eancia Aprimorada do Cliente:<\/strong> Os clientes relatam se sentir mais capacitados e eficientes ao usar processos de fechamento digital, levando a uma melhoria de 50% nas classifica\u00e7\u00f5es de satisfa\u00e7\u00e3o do cliente da empresa.<\/li>\n<\/ul>\n\n<blockquote class=\"wp-block-quote is-layout-flow wp-block-quote-is-layout-flow\">\n<p>\u201cEssa solu\u00e7\u00e3o transformou uma tarefa semanal em algo que terminamos na hora do almo\u00e7o\u201d, diz <strong>Sarah Martinez, Agente L\u00edder da Austin Premier Realty<\/strong>.<\/p>\n\n\n\n<p>\u201cEstamos recuperando mais de 20 horas por semana, aumentando nossa produ\u00e7\u00e3o em 40%. N\u00e3o consigo imaginar voltar \u00e0 antiga forma manual de fazer as coisas.\u201d \u2014 <strong>Sarah Martinez<\/strong><\/p>\n<\/blockquote>\n<h2 class=\"wp-block-heading\" id=\"conclusao\">Conclus\u00e3o<\/h2>\n<p>A automa\u00e7\u00e3o eliminou efetivamente o atrito administrativo na Austin Premier Realty. Ao remover a necessidade de entrada manual de dados, a equipe deixou de &#8220;gastar energia&#8221; com papelada e voltou \u00e0 sua miss\u00e3o principal: fornecer an\u00e1lise de mercado especializada e suporte profundo para seus clientes. Este estudo de caso prova que, quando os profissionais de im\u00f3veis alavancam ferramentas de automa\u00e7\u00e3o de &#8220;curva de aprendizado zero&#8221;, eles n\u00e3o apenas trabalham mais r\u00e1pido. Eles criam um neg\u00f3cio escal\u00e1vel, profissional e pronto para auditoria que se destaca em um mercado concorrido.   <\/p>\n\n<p><\/p>\n<div class=\"clearfix\"><\/div>","protected":false},"excerpt":{"rendered":"<p>Sarah Martinez e sua equipe na Austin Premier Realty usam a gera\u00e7\u00e3o automatizada de documentos&#8230;<\/p>\n","protected":false},"author":1,"featured_media":0,"parent":32912,"menu_order":0,"comment_status":"closed","ping_status":"closed","template":"","meta":{"_angie_page":false,"footnotes":""},"class_list":["post-37431","page","type-page","status-publish","hentry"],"_links":{"self":[{"href":"https:\/\/mailmergic.com\/pt-br\/wp-json\/wp\/v2\/pages\/37431","targetHints":{"allow":["GET"]}}],"collection":[{"href":"https:\/\/mailmergic.com\/pt-br\/wp-json\/wp\/v2\/pages"}],"about":[{"href":"https:\/\/mailmergic.com\/pt-br\/wp-json\/wp\/v2\/types\/page"}],"author":[{"embeddable":true,"href":"https:\/\/mailmergic.com\/pt-br\/wp-json\/wp\/v2\/users\/1"}],"replies":[{"embeddable":true,"href":"https:\/\/mailmergic.com\/pt-br\/wp-json\/wp\/v2\/comments?post=37431"}],"version-history":[{"count":4,"href":"https:\/\/mailmergic.com\/pt-br\/wp-json\/wp\/v2\/pages\/37431\/revisions"}],"predecessor-version":[{"id":37465,"href":"https:\/\/mailmergic.com\/pt-br\/wp-json\/wp\/v2\/pages\/37431\/revisions\/37465"}],"up":[{"embeddable":true,"href":"https:\/\/mailmergic.com\/pt-br\/wp-json\/wp\/v2\/pages\/32912"}],"wp:attachment":[{"href":"https:\/\/mailmergic.com\/pt-br\/wp-json\/wp\/v2\/media?parent=37431"}],"curies":[{"name":"wp","href":"https:\/\/api.w.org\/{rel}","templated":true}]}}