{"id":20519,"date":"2026-02-02T21:02:00","date_gmt":"2026-02-02T20:02:00","guid":{"rendered":"https:\/\/mailmergic.com\/advertencia-juridica\/"},"modified":"2026-04-03T18:12:31","modified_gmt":"2026-04-03T16:12:31","slug":"advertencia-juridica","status":"publish","type":"page","link":"https:\/\/mailmergic.com\/pt-br\/advertencia-juridica\/","title":{"rendered":"Advert\u00eancia jur\u00eddica"},"content":{"rendered":"\n<p class=\"linkbox\">\n  Voc\u00ea estava realmente procurando nosso novo servi\u00e7o?<br\/> Aprenda como criar facilmente uma <a href=\"https:\/\/mailmergic.com\/pt-br\/mala-direta-word\/\" class=\"linkbox-link\" target=\"_blank\" rel=\"noopener noreferrer\">mala direta a partir do Word<\/a>.\n<\/p>\n\n<p><strong>MailMergic GmbH<br\/><\/strong>Mergenthalerallee 73-75<br\/>65760 Eschborn<br\/>Alemanha<br\/><br\/>https:\/\/mailmergic.com<\/p>\n\n<p><em>Registo comercial: HRB 138816<\/em><br\/><em>Tribunal de registo: Amtsgericht Frankfurt am Main<\/em><br\/><em>N\u00famero de identifica\u00e7\u00e3o fiscal de acordo com \u00a7 27a UStG<\/em>:<em> DE455266403<\/em><\/p>\n\n<p><em><strong>Representante autorizado:<\/strong><\/em><br\/><em>Lennart Guth<\/em><\/p>\n\n<p><strong>Contacto:<\/strong><br\/>Telefone: +49 (0) 176 &#8211; 434 787 47 (<strong>Sem pedidos de suporte<\/strong> &#8211; por favor contacte a nossa equipa de suporte <a href=\"javascript:void(Beacon('toggle'))\">aqui<\/a>)<br\/>Email: <a href=\"mailto:lennart@mailmergic.com\">lennart@mailmergic.com<\/a><\/p>\n\n<p><strong>Plataforma da Comiss\u00e3o Europeia relativa \u00e0 resolu\u00e7\u00e3o de lit\u00edgios em linha: <\/strong><a href=\"https:\/\/ec.europa.eu\/consumers\/odr\" target=\"_blank\" rel=\"noreferrer noopener nofollow\">https:\/\/ec.europa.eu\/consumers\/odr<\/a><\/p>\n\n<p><strong>Respons\u00e1vel pelo conte\u00fado de acordo com \u00a718 Abs. 2 MStV: <\/strong><br\/>Lennart Guth (endere\u00e7o e detalhes de contacto ver acima)<\/p>\n<h4 class=\"wp-block-heading\" id=\"%25c2%25a0\">\u00a0<\/h4><h2 class=\"wp-block-heading\" id=\"disclaimer\">Disclaimer:<\/h2>\n<p><strong>Responsabilidade pelo conte\u00fado<\/strong><\/p>\n\n<p>O conte\u00fado de nossas p\u00e1ginas foi criado com muito cuidado. Pela exatid\u00e3o, completude e atualidade dos conte\u00fados, no entanto, n\u00e3o podemos garantir. Como prestador de servi\u00e7os, somos respons\u00e1veis de acordo com o \u00a7 7 Abs.1 TMG para conte\u00fados pr\u00f3prios nestes lados de acordo com as leis gerais. De acordo com os \u00a7\u00a7 8 a 10 da TMG, no entanto, n\u00f3s, como um provedor de servi\u00e7os, n\u00e3o somos obrigados a monitorar informa\u00e7\u00f5es externas transmitidas ou armazenadas ou a investigar circunst\u00e2ncias que indiquem atividade ilegal. As obriga\u00e7\u00f5es de remover ou bloquear o uso de informa\u00e7\u00f5es sob a lei geral permanecem inalteradas. No entanto, a responsabilidade a este respeito s\u00f3 \u00e9 poss\u00edvel a partir do momento em que se tem conhecimento de uma infrac\u00e7\u00e3o espec\u00edfica. Ap\u00f3s a notifica\u00e7\u00e3o de tais viola\u00e7\u00f5es, removeremos esse conte\u00fado imediatamente.<\/p>\n\n<p><strong>  Responsabilidade por links  <\/strong><\/p>\n\n<p>Nossa oferta cont\u00e9m links para sites externos de terceiros em cujos conte\u00fados n\u00e3o temos influ\u00eancia. Portanto, n\u00e3o podemos assumir qualquer responsabilidade por esses conte\u00fados externos. O conte\u00fado das p\u00e1ginas vinculadas \u00e9 sempre de responsabilidade do respectivo provedor ou operador das p\u00e1ginas. As p\u00e1ginas vinculadas foram verificadas quanto a poss\u00edveis viola\u00e7\u00f5es legais no momento da vincula\u00e7\u00e3o. O conte\u00fado ilegal n\u00e3o era reconhec\u00edvel no momento da vincula\u00e7\u00e3o. No entanto, um controlo permanente do conte\u00fado das p\u00e1ginas ligadas n\u00e3o \u00e9 razo\u00e1vel sem evid\u00eancia concreta de uma viola\u00e7\u00e3o da lei. Mediante notifica\u00e7\u00e3o de viola\u00e7\u00f5es, removeremos tais liga\u00e7\u00f5es imediatamente. <\/p>\n\n<p><strong>  Direitos autorais  <\/strong><\/p>\n\n<p>O conte\u00fado e as obras nestas p\u00e1ginas criadas pelos operadores do site est\u00e3o sujeitos \u00e0 lei europeia de direitos de autor. A duplica\u00e7\u00e3o, processamento, distribui\u00e7\u00e3o e qualquer tipo de explora\u00e7\u00e3o fora dos limites dos direitos autorais requerem o consentimento por escrito do respectivo autor ou criador. Os downloads e c\u00f3pias deste site s\u00e3o apenas para uso privado e n\u00e3o comercial. Na medida em que os conte\u00fados deste lado n\u00e3o foram criados pelo operador, os direitos autorais de terceiros s\u00e3o considerados. Em particular, os conte\u00fados de terceiros s\u00e3o marcados como tal. Se voc\u00ea ainda estiver ciente de uma viola\u00e7\u00e3o de direitos autorais, pedimos uma nota. Ap\u00f3s a notifica\u00e7\u00e3o de viola\u00e7\u00f5es, removeremos esse conte\u00fado imediatamente.<\/p>\n\n<p><strong>Privacidade<\/strong><\/p>\n\n<p>O uso do nosso site \u00e9 geralmente poss\u00edvel sem fornecer dados pessoais. Na medida em que os dados pessoais (por exemplo, nome, endere\u00e7o ou endere\u00e7os de e-mail) s\u00e3o levantados, isso ocorre, na medida do poss\u00edvel, sempre com base no freiwilliger. Estes dados n\u00e3o ser\u00e3o divulgados a terceiros sem o seu consentimento expl\u00edcito.<br\/>Por favor note que a transmiss\u00e3o de dados pela Internet (por exemplo, ao comunicar por e-mail) pode ter vulnerabilidades de seguran\u00e7a. Uma prote\u00e7\u00e3o completa dos dados contra o acesso por terceiros n\u00e3o \u00e9 poss\u00edvel.<br\/>O uso de informa\u00e7\u00f5es de contacto publicadas por terceiros com o prop\u00f3sito de enviar publicidade e materiais informativos n\u00e3o solicitados \u00e9 expressamente exclu\u00eddo.  Os operadores das p\u00e1ginas reservam-se expressamente o direito de tomar medidas legais em caso de informa\u00e7\u00f5es promocionais n\u00e3o solicitadas, como e-mails de spam.<\/p>\n\n<p><strong>  Google Analytics  <\/strong><\/p>\n\n<p>Este site usa o Google Analytics, um servi\u00e7o de an\u00e1lise da web fornecido pela Google Inc. O Google Analytics utiliza os chamados &#8216;cookies&#8217;, ficheiros de texto que s\u00e3o armazenados no seu computador e que permitem uma an\u00e1lise da sua utiliza\u00e7\u00e3o do website. As informa\u00e7\u00f5es geradas pelo cookie sobre seu uso deste site (incluindo seu endere\u00e7o IP) s\u00e3o transmitidas e armazenadas pelo Google em servidores nos Estados Unidos. O Google usar\u00e1 essas informa\u00e7\u00f5es para avaliar seu uso do site, para compilar relat\u00f3rios sobre a atividade do site para operadores do site e para fornecer outros servi\u00e7os relacionados \u00e0 atividade do site e ao uso da internet. O Google tamb\u00e9m pode transferir essas informa\u00e7\u00f5es para terceiros se exigido por lei ou na medida em que terceiros processem esses dados em nome do Google. O Google n\u00e3o associar\u00e1, em nenhum caso, seu endere\u00e7o IP a outros dados do Google. Voc\u00ea pode impedir a instala\u00e7\u00e3o de cookies configurando o software do seu navegador de acordo; No entanto, esteja ciente de que, se voc\u00ea fizer isso, talvez n\u00e3o consiga usar todas as funcionalidades deste site. Ao usar este site, voc\u00ea concorda com o processamento das informa\u00e7\u00f5es sobre voc\u00ea pelo Google da maneira e para os fins estabelecidos acima.<\/p>\n\n<p><strong>  An\u00fancios do Google<\/strong><\/p>\n\n<p>Este site usa o Google Ads, um servi\u00e7o de publicidade na web da Google Inc., EUA (&#8221; Google &#8221;). O Google Ads usa os chamados &#8221;cookies&#8221; (arquivos de texto) que s\u00e3o armazenados em seu computador e que permitem que voc\u00ea analise o uso do site por voc\u00ea. O Google Ads tamb\u00e9m usa os chamados &#8220;Web Beacons&#8221; (pequenos gr\u00e1ficos invis\u00edveis) para coletar informa\u00e7\u00f5es. Ao usar o web beacon, a\u00e7\u00f5es simples, como o tr\u00e1fego de visitantes no site, podem ser registradas e coletadas. As informa\u00e7\u00f5es geradas pelo cookie e\/ou web beacon sobre seu uso deste site (incluindo seu endere\u00e7o IP) ser\u00e3o transmitidas e armazenadas pelo Google em servidores nos Estados Unidos. O Google usar\u00e1 essas informa\u00e7\u00f5es para avaliar seu uso do site em termos de publicidade, para compilar relat\u00f3rios sobre a atividade do site e an\u00fancios para operadores do site e para fornecer outros servi\u00e7os relacionados \u00e0 atividade do site e ao uso da Internet. O Google tamb\u00e9m pode transferir essas informa\u00e7\u00f5es para terceiros se exigido por lei ou na medida em que terceiros processem esses dados em nome do Google. O Google n\u00e3o associar\u00e1, em nenhum caso, seu endere\u00e7o IP a outros dados do Google. Voc\u00ea pode impedir o armazenamento de cookies em seu disco r\u00edgido e a exibi\u00e7\u00e3o de web beacons selecionando &#8216;N\u00e3o aceitar cookies&#8217; nas configura\u00e7\u00f5es do seu navegador (no MS Internet Explorer em &#8221;Ferramentas&gt; Op\u00e7\u00f5es da Internet&gt; Privacidade&gt; Configura\u00e7\u00f5es &#8221; no Firefox em &#8221; Ferramentas&gt; Configura\u00e7\u00f5es&gt; Privacidade&gt; Cookies &#8221;); No entanto, esteja ciente de que, se voc\u00ea fizer isso, talvez n\u00e3o consiga usar todas as funcionalidades deste site. Ao usar este site, voc\u00ea concorda com o processamento de dados sobre voc\u00ea pelo Google da maneira e para os fins estabelecidos acima.<\/p>\n\n<p>Impress\u00e3o do site criada por <a href=\"https:\/\/www.impressum-generator.de\" target=\"_blank\" data-type=\"link\" data-id=\"https:\/\/www.impressum-generator.de\" rel=\"noreferrer noopener\">impressum-generator.de<\/a> de <a href=\"https:\/\/www.kanzlei-hasselbach.de\" target=\"_blank\" data-type=\"link\" data-id=\"https:\/\/www.kanzlei-hasselbach.de\" rel=\"noreferrer noopener\">Kanzlei Hasselbach<\/a><\/p>\n\n<p><\/p>\n<div class=\"clearfix\"><\/div>","protected":false},"excerpt":{"rendered":"<p>De acordo com o \u00a7 5 TMG<\/p>\n","protected":false},"author":1,"featured_media":0,"parent":0,"menu_order":0,"comment_status":"closed","ping_status":"closed","template":"","meta":{"_angie_page":false,"footnotes":""},"class_list":["post-20519","page","type-page","status-publish","hentry"],"_links":{"self":[{"href":"https:\/\/mailmergic.com\/pt-br\/wp-json\/wp\/v2\/pages\/20519","targetHints":{"allow":["GET"]}}],"collection":[{"href":"https:\/\/mailmergic.com\/pt-br\/wp-json\/wp\/v2\/pages"}],"about":[{"href":"https:\/\/mailmergic.com\/pt-br\/wp-json\/wp\/v2\/types\/page"}],"author":[{"embeddable":true,"href":"https:\/\/mailmergic.com\/pt-br\/wp-json\/wp\/v2\/users\/1"}],"replies":[{"embeddable":true,"href":"https:\/\/mailmergic.com\/pt-br\/wp-json\/wp\/v2\/comments?post=20519"}],"version-history":[{"count":4,"href":"https:\/\/mailmergic.com\/pt-br\/wp-json\/wp\/v2\/pages\/20519\/revisions"}],"predecessor-version":[{"id":38593,"href":"https:\/\/mailmergic.com\/pt-br\/wp-json\/wp\/v2\/pages\/20519\/revisions\/38593"}],"wp:attachment":[{"href":"https:\/\/mailmergic.com\/pt-br\/wp-json\/wp\/v2\/media?parent=20519"}],"curies":[{"name":"wp","href":"https:\/\/api.w.org\/{rel}","templated":true}]}}