{"id":37425,"date":"2026-01-16T13:27:20","date_gmt":"2026-01-16T12:27:20","guid":{"rendered":"https:\/\/mailmergic.com\/temoignages-clients\/austin-premier-realty\/"},"modified":"2026-01-16T13:39:30","modified_gmt":"2026-01-16T12:39:30","slug":"austin-premier-realty","status":"publish","type":"page","link":"https:\/\/mailmergic.com\/fr\/temoignages-clients\/austin-premier-realty\/","title":{"rendered":"Austin Premier Realty"},"content":{"rendered":"\n<p>Sarah Martinez et son \u00e9quipe chez Austin Premier Realty utilisent la g\u00e9n\u00e9ration automatis\u00e9e de documents pour d\u00e9velopper leur courtage sans augmenter leurs effectifs. Dans un march\u00e9 \u00e0 volume \u00e9lev\u00e9 o\u00f9 les \u00e9quipes les plus performantes ont vu leur volume de transactions augmenter de plus de 400 %, l&rsquo;administration interne (accords de cotation, divulgations et contrats d&rsquo;achat) est souvent le principal goulot d&rsquo;\u00e9tranglement. En connectant directement leurs donn\u00e9es de transaction dans Excel \u00e0 des mod\u00e8les PDF officiels, l&rsquo;\u00e9quipe de Sarah g\u00e9n\u00e8re d\u00e9sormais des ensembles de documents complexes en quelques secondes plut\u00f4t qu&rsquo;en quelques heures. Le syst\u00e8me ne n\u00e9cessite aucun codage ni assistance informatique, ce qui permet aux agents de se concentrer sur le conseil et les n\u00e9gociations \u00e0 forte valeur ajout\u00e9e pour les clients au lieu de la saisie manuelle de donn\u00e9es.   <\/p>\n\n<figure class=\"wp-block-image size-large\"><img fetchpriority=\"high\" decoding=\"async\" width=\"683\" height=\"1024\" src=\"https:\/\/mailmergic.com\/wp-content\/uploads\/2026\/01\/austin-premier-realtor-1-683x1024.png\" alt=\"\" class=\"wp-image-37397\" title=\"\" srcset=\"https:\/\/mailmergic.com\/wp-content\/uploads\/2026\/01\/austin-premier-realtor-1-683x1024.png 683w, https:\/\/mailmergic.com\/wp-content\/uploads\/2026\/01\/austin-premier-realtor-1-200x300.png 200w, https:\/\/mailmergic.com\/wp-content\/uploads\/2026\/01\/austin-premier-realtor-1-768x1152.png 768w, https:\/\/mailmergic.com\/wp-content\/uploads\/2026\/01\/austin-premier-realtor-1.png 1024w\" sizes=\"(max-width: 683px) 100vw, 683px\" \/><figcaption class=\"wp-element-caption\">Sarah Martinez, agente principale chez Austin Premier Realty<\/figcaption><\/figure>\n<h2 class=\"wp-block-heading\" id=\"le-defi\">Le d\u00e9fi<\/h2>\n<p>Austin Premier Realty \u00e9tait confront\u00e9e \u00e0 un \u00ab plafond de paperasserie manuelle \u00bb. Sarah et son \u00e9quipe perdaient environ 22 heures par semaine \u00e0 des t\u00e2ches administratives qui ne g\u00e9n\u00e9raient pas directement de revenus. Le processus traditionnel consistait \u00e0 copier manuellement les d\u00e9tails de la propri\u00e9t\u00e9 \u00e0 partir du MLS et \u00e0 saisir les informations sur les clients de leur CRM dans divers formulaires. Ce flux de travail fragment\u00e9 n&rsquo;\u00e9tait pas seulement un gaspillage de temps, mais comportait \u00e9galement des risques financiers et juridiques importants. Une simple date mal plac\u00e9e ou une divulgation manquante dans une transaction r\u00e9sidentielle peut faire d\u00e9railler une cl\u00f4ture ou entra\u00eener la perte d&rsquo;un acompte. L&rsquo;\u00e9quipe avait besoin d&rsquo;une solution qui garantisse une coh\u00e9rence des donn\u00e9es \u00e0 100 % dans chaque document d&rsquo;un dossier de transaction sans la \u00ab corv\u00e9e \u00bb de la saisie r\u00e9p\u00e9titive.     <\/p>\n\n<figure class=\"wp-block-image size-full\"><img decoding=\"async\" width=\"1024\" height=\"683\" src=\"https:\/\/mailmergic.com\/wp-content\/uploads\/2026\/01\/austin-premier-realtor-2-1.png\" alt=\"\" class=\"wp-image-37415\" title=\"\" srcset=\"https:\/\/mailmergic.com\/wp-content\/uploads\/2026\/01\/austin-premier-realtor-2-1.png 1024w, https:\/\/mailmergic.com\/wp-content\/uploads\/2026\/01\/austin-premier-realtor-2-1-300x200.png 300w, https:\/\/mailmergic.com\/wp-content\/uploads\/2026\/01\/austin-premier-realtor-2-1-768x512.png 768w\" sizes=\"(max-width: 1024px) 100vw, 1024px\" \/><figcaption class=\"wp-element-caption\">Dans les coulisses du bureau d&rsquo;Austin Premier Realty<\/figcaption><\/figure>\n<h2 class=\"wp-block-heading\" id=\"la-solution\">La solution<\/h2>\n<p>Sarah a mis en \u0153uvre un cadre d&rsquo;automatisation unifi\u00e9 qui a transform\u00e9 les contrats statiques en actifs dynamiques.<sup><\/sup> L&rsquo;\u00e9quipe a mis en place le processus en quatre \u00e9tapes simplifi\u00e9es\u00a0: <\/p>\n\n<ol start=\"1\" class=\"wp-block-list\">\n<li><strong>Pr\u00e9parer les mod\u00e8les\u00a0:<\/strong> Ils ont cr\u00e9\u00e9 une biblioth\u00e8que de mod\u00e8les PDF \u00ab\u00a0pr\u00eats \u00e0 l&#8217;emploi\u00a0\u00bb pour les accords de cotation, les contrats de repr\u00e9sentation des acheteurs et les divulgations obligatoires de l&rsquo;\u00c9tat avec des champs interactifs.<\/li>\n\n\n\n<li><strong>Centraliser les donn\u00e9es\u00a0:<\/strong> Les agents conservent un seul classeur Excel pour chaque transaction, qui sert de \u00ab\u00a0source de v\u00e9rit\u00e9\u00a0\u00bb pour les noms des clients, les descriptions juridiques et les dates critiques.<\/li>\n\n\n\n<li><strong>Fusionner instantan\u00e9ment\u00a0:<\/strong> En un seul clic, les donn\u00e9es sont extraites d&rsquo;Excel pour remplir l&rsquo;ensemble du paquet de documents. La validation int\u00e9gr\u00e9e du syst\u00e8me signale automatiquement les incoh\u00e9rences ou les informations manquantes avant la finalisation des documents. <\/li>\n\n\n\n<li><strong>Ex\u00e9cuter et suivre\u00a0:<\/strong> Les documents fusionn\u00e9s sont automatiquement achemin\u00e9s pour les signatures \u00e9lectroniques, le syst\u00e8me envoyant des rappels aux parties prenantes pour s&rsquo;assurer qu&rsquo;aucun d\u00e9lai n&rsquo;est manqu\u00e9.<\/li>\n<\/ol>\n\n<figure class=\"wp-block-image size-large\"><img decoding=\"async\" width=\"1024\" height=\"683\" src=\"https:\/\/mailmergic.com\/wp-content\/uploads\/2026\/01\/austin-premier-realtor-3-1024x683.png\" alt=\"\" class=\"wp-image-37409\" title=\"\" srcset=\"https:\/\/mailmergic.com\/wp-content\/uploads\/2026\/01\/austin-premier-realtor-3-1024x683.png 1024w, https:\/\/mailmergic.com\/wp-content\/uploads\/2026\/01\/austin-premier-realtor-3-300x200.png 300w, https:\/\/mailmergic.com\/wp-content\/uploads\/2026\/01\/austin-premier-realtor-3-768x512.png 768w, https:\/\/mailmergic.com\/wp-content\/uploads\/2026\/01\/austin-premier-realtor-3.png 1536w\" sizes=\"(max-width: 1024px) 100vw, 1024px\" \/><figcaption class=\"wp-element-caption\">La pr\u00e9cision \u00e0 chaque clic<\/figcaption><\/figure>\n<h2 class=\"wp-block-heading\" id=\"resultats-et-avantages\">R\u00e9sultats et avantages<\/h2>\n<p>Depuis l&rsquo;adoption de cette approche automatis\u00e9e, Austin Premier Realty a transform\u00e9 son efficacit\u00e9 op\u00e9rationnelle\u00a0:<\/p>\n\n<ul class=\"wp-block-list\">\n<li><strong>Gain de temps consid\u00e9rable\u00a0:<\/strong> Le temps de g\u00e9n\u00e9ration de documents a diminu\u00e9 de plus de 90\u00a0%. La r\u00e9daction d&rsquo;un ensemble de contrats complexes qui prenait autrefois de 4 \u00e0 8\u00a0heures est maintenant termin\u00e9e en environ 90\u00a0secondes. <\/li>\n\n\n\n<li><strong>Capacit\u00e9 de croissance r\u00e9cup\u00e9r\u00e9e\u00a0:<\/strong> Chaque membre de l&rsquo;\u00e9quipe r\u00e9cup\u00e8re de 15 \u00e0 20\u00a0heures par semaine. Sarah a pu augmenter son volume de transactions de 40\u00a0% sans ajouter de personnel administratif suppl\u00e9mentaire. <\/li>\n\n\n\n<li><strong>Taux d&rsquo;erreur en chute libre\u00a0:<\/strong> En \u00e9liminant la transcription manuelle, l&rsquo;entreprise a constat\u00e9 une r\u00e9duction de 85\u00a0% des erreurs de documents. La coh\u00e9rence de chaque formulaire prot\u00e8ge le courtage contre les lacunes de conformit\u00e9 et les responsabilit\u00e9s juridiques. <\/li>\n\n\n\n<li><strong>Exp\u00e9rience client am\u00e9lior\u00e9e\u00a0:<\/strong> Les clients se disent plus autonomes et efficaces lorsqu&rsquo;ils utilisent des processus de cl\u00f4ture num\u00e9riques, ce qui entra\u00eene une am\u00e9lioration de 50\u00a0% des taux de satisfaction client de l&rsquo;entreprise.<\/li>\n<\/ul>\n\n<blockquote class=\"wp-block-quote is-layout-flow wp-block-quote-is-layout-flow\">\n<p>\u00ab\u00a0Cette solution a transform\u00e9 une corv\u00e9e d&rsquo;une semaine en quelque chose que nous terminons \u00e0 l&rsquo;heure du d\u00e9jeuner\u00a0\u00bb, d\u00e9clare <strong>Sarah Martinez, agente principale chez Austin Premier Realty<\/strong>.<\/p>\n\n\n\n<p>\u00ab\u00a0Nous r\u00e9cup\u00e9rons plus de 20\u00a0heures par semaine tout en augmentant notre production de 40\u00a0%. Je ne peux pas imaginer revenir \u00e0 l&rsquo;ancienne fa\u00e7on manuelle de faire les choses.\u00a0\u00bb \u2014 <strong>Sarah Martinez<\/strong><\/p>\n<\/blockquote>\n<h2 class=\"wp-block-heading\" id=\"conclusion\">Conclusion<\/h2>\n<p>L&rsquo;automatisation a effectivement \u00e9limin\u00e9 les frictions administratives chez Austin Premier Realty. En supprimant la n\u00e9cessit\u00e9 de la saisie manuelle de donn\u00e9es, l&rsquo;\u00e9quipe a cess\u00e9 de \u00ab\u00a0faire tourner ses roues\u00a0\u00bb sur la paperasserie et est revenue \u00e0 sa mission principale\u00a0: fournir une analyse de march\u00e9 experte et un soutien approfondi \u00e0 ses clients. Cette \u00e9tude de cas prouve que lorsque les professionnels de l&rsquo;immobilier tirent parti des outils d&rsquo;automatisation \u00ab\u00a0sans courbe d&rsquo;apprentissage\u00a0\u00bb, ils ne se contentent pas de travailler plus rapidement. Ils cr\u00e9ent une entreprise \u00e9volutive, professionnelle et pr\u00eate \u00e0 \u00eatre audit\u00e9e qui se d\u00e9marque sur un march\u00e9 encombr\u00e9.   <\/p>\n\n<p><\/p>\n<div class=\"clearfix\"><\/div>","protected":false},"excerpt":{"rendered":"<p>Sarah Martinez et son \u00e9quipe chez Austin Premier Realty utilisent la g\u00e9n\u00e9ration automatis\u00e9e de documents&#8230;<\/p>\n","protected":false},"author":1,"featured_media":0,"parent":32898,"menu_order":0,"comment_status":"closed","ping_status":"closed","template":"","meta":{"_angie_page":false,"footnotes":""},"class_list":["post-37425","page","type-page","status-publish","hentry"],"_links":{"self":[{"href":"https:\/\/mailmergic.com\/fr\/wp-json\/wp\/v2\/pages\/37425","targetHints":{"allow":["GET"]}}],"collection":[{"href":"https:\/\/mailmergic.com\/fr\/wp-json\/wp\/v2\/pages"}],"about":[{"href":"https:\/\/mailmergic.com\/fr\/wp-json\/wp\/v2\/types\/page"}],"author":[{"embeddable":true,"href":"https:\/\/mailmergic.com\/fr\/wp-json\/wp\/v2\/users\/1"}],"replies":[{"embeddable":true,"href":"https:\/\/mailmergic.com\/fr\/wp-json\/wp\/v2\/comments?post=37425"}],"version-history":[{"count":4,"href":"https:\/\/mailmergic.com\/fr\/wp-json\/wp\/v2\/pages\/37425\/revisions"}],"predecessor-version":[{"id":37463,"href":"https:\/\/mailmergic.com\/fr\/wp-json\/wp\/v2\/pages\/37425\/revisions\/37463"}],"up":[{"embeddable":true,"href":"https:\/\/mailmergic.com\/fr\/wp-json\/wp\/v2\/pages\/32898"}],"wp:attachment":[{"href":"https:\/\/mailmergic.com\/fr\/wp-json\/wp\/v2\/media?parent=37425"}],"curies":[{"name":"wp","href":"https:\/\/api.w.org\/{rel}","templated":true}]}}