{"id":32898,"date":"2025-09-03T13:27:21","date_gmt":"2025-09-03T11:27:21","guid":{"rendered":"https:\/\/mailmergic.com\/temoignages-clients\/"},"modified":"2026-02-04T16:20:46","modified_gmt":"2026-02-04T15:20:46","slug":"temoignages-clients","status":"publish","type":"page","link":"https:\/\/mailmergic.com\/fr\/temoignages-clients\/","title":{"rendered":"T\u00e9moignages clients"},"content":{"rendered":"\t\t<div data-elementor-type=\"wp-post\" data-elementor-id=\"32898\" class=\"elementor elementor-32898 elementor-32801\">\n\t\t\t\t\t\t<section class=\"elementor-section elementor-top-section elementor-element elementor-element-f3615a2 elementor-section-full_width elementor-section-height-default elementor-section-height-default wpr-particle-no wpr-jarallax-no wpr-parallax-no wpr-sticky-section-no wpr-equal-height-no\" data-id=\"f3615a2\" data-element_type=\"section\" data-e-type=\"section\">\n\t\t\t\t\t\t<div class=\"elementor-container elementor-column-gap-no\">\n\t\t\t\t\t<div class=\"elementor-column elementor-col-100 elementor-top-column elementor-element elementor-element-cd21f30\" data-id=\"cd21f30\" data-element_type=\"column\" data-e-type=\"column\">\n\t\t\t<div class=\"elementor-widget-wrap elementor-element-populated\">\n\t\t\t\t\t\t<div class=\"elementor-element elementor-element-aaa665c elementor-widget elementor-widget-tommusrhodus-hero-header-block\" data-id=\"aaa665c\" data-element_type=\"widget\" data-e-type=\"widget\" data-widget_type=\"tommusrhodus-hero-header-block.default\">\n\t\t\t\t<div class=\"elementor-widget-container\">\n\t\t\t\t\t\n\t\t\t\t<section data-jarallax data-speed=\"0.2\" class=\"bg-dark text-light header-inner p-0 jarallax o-hidden\" data-overlay>\n\t\t\t\t\t\n\t\t\t\t\t<img fetchpriority=\"high\" decoding=\"async\" width=\"1200\" height=\"801\" src=\"https:\/\/mailmergic.com\/wp-content\/uploads\/2025\/09\/customer-stories.jpg\" class=\"jarallax-img opacity-30\" alt=\"\" srcset=\"https:\/\/mailmergic.com\/wp-content\/uploads\/2025\/09\/customer-stories.jpg 1200w, https:\/\/mailmergic.com\/wp-content\/uploads\/2025\/09\/customer-stories-300x200.jpg 300w, https:\/\/mailmergic.com\/wp-content\/uploads\/2025\/09\/customer-stories-1024x684.jpg 1024w, https:\/\/mailmergic.com\/wp-content\/uploads\/2025\/09\/customer-stories-768x513.jpg 768w\" sizes=\"(max-width: 1200px) 100vw, 1200px\" title=\"\">\n\t\t\t      \n\t\t\t\t\t<div class=\"container py-0 layer-2\">\n\t\t\t\t\t\t\t\t<div class=\"row my-3\">\n\t\t\t\t\t\t\t\t\t<div class=\"col\"><nav aria-label=\"breadcrumb\"><ol class=\"breadcrumb\"><li class=\"breadcrumb-item\"><a href=\"https:\/\/mailmergic.com\/fr\/\" class=\"home-link\" rel=\"home\">Home<\/a><\/li><\/ol><\/nav><\/div>\n\t\t\t\t\t\t\t\t<\/div>\n\t\t\t\t\t\t\t\n\t\t\t\t\t\t<div class=\"row my-4 my-md-6\" data-aos=\"fade-up\">\n\t\t\t\t\t\t\t<div class=\"col-lg-9 col-xl-8\"><h1 class=\"display-4\">T\u00e9moignages clients<\/h1>\n<p class=\"lead mb-0\">D\u00e9couvrez comment des entreprises de divers secteurs optimisent leurs flux de travail documentaires et obtiennent des r\u00e9sultats mesurables avec MailMergic.<\/p><\/div>\n\t\t\t\t\t\t<\/div>\n\t\t\t\t\t<\/div>\n\t\t\t<div class=\"divider\"><svg class=\"\" width=\"100%\" height=\"96px\" viewBox=\"0 0 100 100\" version=\"1.1\" xmlns=\"http:\/\/www.w3.org\/2000\/svg\" xmlns:xlink=\"http:\/\/www.w3.org\/1999\/xlink\" preserveAspectRatio=\"none\"><path d=\"M0,0 C16.6666667,66 33.3333333,99 50,99 C66.6666667,99 83.3333333,66 100,0 L100,100 L0,100 L0,0 Z\"><\/path><\/svg><\/div><\/section>\t\t\t\t<\/div>\n\t\t\t\t<\/div>\n\t\t\t\t\t<\/div>\n\t\t<\/div>\n\t\t\t\t\t<\/div>\n\t\t<\/section>\n\t\t\t\t<section class=\"elementor-section elementor-top-section elementor-element elementor-element-0602694 elementor-section-boxed elementor-section-height-default elementor-section-height-default wpr-particle-no wpr-jarallax-no wpr-parallax-no wpr-sticky-section-no wpr-equal-height-no\" data-id=\"0602694\" data-element_type=\"section\" data-e-type=\"section\">\n\t\t\t\t\t\t<div class=\"elementor-container elementor-column-gap-default\">\n\t\t\t\t\t<div class=\"elementor-column elementor-col-100 elementor-top-column elementor-element elementor-element-b9e580c\" data-id=\"b9e580c\" data-element_type=\"column\" data-e-type=\"column\">\n\t\t\t<div class=\"elementor-widget-wrap elementor-element-populated\">\n\t\t\t\t\t\t<div class=\"elementor-element elementor-element-613fada elementor-widget elementor-widget-tommusrhodus-card-block\" data-id=\"613fada\" data-element_type=\"widget\" data-e-type=\"widget\" data-widget_type=\"tommusrhodus-card-block.default\">\n\t\t\t\t<div class=\"elementor-widget-container\">\n\t\t\t\t\t\n\t\t\t\t<a href=\"https:\/\/mailmergic.com\/customer-stories\/truman-state-university\" class=\"card card-article-wide flex-md-row no-gutters hover-shadow-3d\">\n\t\t\t\t\t\t<div class=\"col-md-5 col-lg-6\">\n\t\t\t\t\t\t\t<img decoding=\"async\" width=\"900\" height=\"668\" src=\"https:\/\/mailmergic.com\/wp-content\/uploads\/2025\/09\/truman-state-university-seal-5.png\" class=\"card-img-top\" alt=\"\" srcset=\"https:\/\/mailmergic.com\/wp-content\/uploads\/2025\/09\/truman-state-university-seal-5.png 900w, https:\/\/mailmergic.com\/wp-content\/uploads\/2025\/09\/truman-state-university-seal-5-300x223.png 300w, https:\/\/mailmergic.com\/wp-content\/uploads\/2025\/09\/truman-state-university-seal-5-768x570.png 768w\" sizes=\"(max-width: 900px) 100vw, 900px\" title=\"\">\n\t\t\t\t\t\t<\/div>\n\t\t\t\t\t\t<div class=\"card-body d-flex flex-column justify-content-between col-auto p-4 p-lg-5\">\n\t\t\t\t\t\t<div>\n\t\t\t\t\t\t\t<svg class=\"icon icon-md mb-4\" width=\"24px\" height=\"24px\" viewBox=\"0 0 24 24\" version=\"1.1\" xmlns=\"http:\/\/www.w3.org\/2000\/svg\" xmlns:xlink=\"http:\/\/www.w3.org\/1999\/xlink\">\n                      <title>Book-open<\/title>\n                      <g stroke=\"none\" stroke-width=\"1\" fill=\"none\" fill-rule=\"evenodd\">\n                        <rect opacity=\"0\" x=\"0\" y=\"0\" width=\"24\" height=\"24\"><\/rect>\n                        <path d=\"M13.6855025,18.7082217 C15.9113859,17.8189707 18.682885,17.2495635 22,17 C22,16.9325178 22,13.1012863 22,5.50630526 L21.9999762,5.50630526 C21.9999762,5.23017604 21.7761292,5.00632908 21.5,5.00632908 C21.4957817,5.00632908 21.4915635,5.00638247 21.4873465,5.00648922 C18.658231,5.07811173 15.8291155,5.74261533 13,7 C13,7.04449645 13,10.79246 13,18.2438906 L12.9999854,18.2438906 C12.9999854,18.520041 13.2238496,18.7439052 13.5,18.7439052 C13.5635398,18.7439052 13.6264972,18.7317946 13.6855025,18.7082217 Z\" fill=\"#000000\"><\/path>\n                        <path d=\"M10.3144829,18.7082217 C8.08859955,17.8189707 5.31710038,17.2495635 1.99998542,17 C1.99998542,16.9325178 1.99998542,13.1012863 1.99998542,5.50630526 L2.00000925,5.50630526 C2.00000925,5.23017604 2.22385621,5.00632908 2.49998542,5.00632908 C2.50420375,5.00632908 2.5084219,5.00638247 2.51263888,5.00648922 C5.34175439,5.07811173 8.17086991,5.74261533 10.9999854,7 C10.9999854,7.04449645 10.9999854,10.79246 10.9999854,18.2438906 L11,18.2438906 C11,18.520041 10.7761358,18.7439052 10.4999854,18.7439052 C10.4364457,18.7439052 10.3734882,18.7317946 10.3144829,18.7082217 Z\" fill=\"#000000\" opacity=\"0.3\"><\/path>\n                      <\/g>\n                    <\/svg>\n\t\t\t\t\t\t\t<h3>L'Universit\u00e9 d'\u00c9tat de Truman a r\u00e9duit de 90 % le temps de pr\u00e9paration des certificats gr\u00e2ce \u00e0 MailMergic.<\/h3>\n\t\t\t\t\t\t<\/div>\n\t\t\t\t\t\t<p class=\"lead mb-0 text-primary font-weight-bold\">Lire l'histoire<\/p>\n\t\t\t\t\t<\/div>\n\t\t\t\t<\/a>\n\t\t\t\t\t\t\t<\/div>\n\t\t\t\t<\/div>\n\t\t\t\t<div class=\"elementor-element elementor-element-04b82ec elementor-widget elementor-widget-tommusrhodus-card-block\" data-id=\"04b82ec\" data-element_type=\"widget\" data-e-type=\"widget\" data-widget_type=\"tommusrhodus-card-block.default\">\n\t\t\t\t<div class=\"elementor-widget-container\">\n\t\t\t\t\t\n\t\t\t\t<a href=\"https:\/\/mailmergic.com\/customer-stories\/truman-state-university\" class=\"card card-article-wide flex-md-row no-gutters hover-shadow-3d\">\n\t\t\t\t\t\t<div class=\"col-md-5 col-lg-6\">\n\t\t\t\t\t\t\t<img decoding=\"async\" width=\"500\" height=\"452\" src=\"https:\/\/mailmergic.com\/wp-content\/uploads\/2026\/01\/austin-premier-realty-logo-2.png\" class=\"card-img-top\" alt=\"\" srcset=\"https:\/\/mailmergic.com\/wp-content\/uploads\/2026\/01\/austin-premier-realty-logo-2.png 500w, https:\/\/mailmergic.com\/wp-content\/uploads\/2026\/01\/austin-premier-realty-logo-2-300x271.png 300w\" sizes=\"(max-width: 500px) 100vw, 500px\" title=\"\">\n\t\t\t\t\t\t<\/div>\n\t\t\t\t\t\t<div class=\"card-body d-flex flex-column justify-content-between col-auto p-4 p-lg-5\">\n\t\t\t\t\t\t<div>\n\t\t\t\t\t\t\t<svg class=\"icon icon-md mb-4\" width=\"24px\" height=\"24px\" viewBox=\"0 0 24 24\" version=\"1.1\" xmlns=\"http:\/\/www.w3.org\/2000\/svg\" xmlns:xlink=\"http:\/\/www.w3.org\/1999\/xlink\">\n                      <title>Book-open<\/title>\n                      <g stroke=\"none\" stroke-width=\"1\" fill=\"none\" fill-rule=\"evenodd\">\n                        <rect opacity=\"0\" x=\"0\" y=\"0\" width=\"24\" height=\"24\"><\/rect>\n                        <path d=\"M13.6855025,18.7082217 C15.9113859,17.8189707 18.682885,17.2495635 22,17 C22,16.9325178 22,13.1012863 22,5.50630526 L21.9999762,5.50630526 C21.9999762,5.23017604 21.7761292,5.00632908 21.5,5.00632908 C21.4957817,5.00632908 21.4915635,5.00638247 21.4873465,5.00648922 C18.658231,5.07811173 15.8291155,5.74261533 13,7 C13,7.04449645 13,10.79246 13,18.2438906 L12.9999854,18.2438906 C12.9999854,18.520041 13.2238496,18.7439052 13.5,18.7439052 C13.5635398,18.7439052 13.6264972,18.7317946 13.6855025,18.7082217 Z\" fill=\"#000000\"><\/path>\n                        <path d=\"M10.3144829,18.7082217 C8.08859955,17.8189707 5.31710038,17.2495635 1.99998542,17 C1.99998542,16.9325178 1.99998542,13.1012863 1.99998542,5.50630526 L2.00000925,5.50630526 C2.00000925,5.23017604 2.22385621,5.00632908 2.49998542,5.00632908 C2.50420375,5.00632908 2.5084219,5.00638247 2.51263888,5.00648922 C5.34175439,5.07811173 8.17086991,5.74261533 10.9999854,7 C10.9999854,7.04449645 10.9999854,10.79246 10.9999854,18.2438906 L11,18.2438906 C11,18.520041 10.7761358,18.7439052 10.4999854,18.7439052 C10.4364457,18.7439052 10.3734882,18.7317946 10.3144829,18.7082217 Z\" fill=\"#000000\" opacity=\"0.3\"><\/path>\n                      <\/g>\n                    <\/svg>\n\t\t\t\t\t\t\t<h3>Austin Premier Realty r\u00e9cup\u00e8re 140 heures par an et par agent en rachetant pr\u00e8s de trois semaines de temps de vente maximal.<\/h3>\n\t\t\t\t\t\t<\/div>\n\t\t\t\t\t\t<p class=\"lead mb-0 text-primary font-weight-bold\">Lire l'histoire<\/p>\n\t\t\t\t\t<\/div>\n\t\t\t\t<\/a>\n\t\t\t\t\t\t\t<\/div>\n\t\t\t\t<\/div>\n\t\t\t\t\t<\/div>\n\t\t<\/div>\n\t\t\t\t\t<\/div>\n\t\t<\/section>\n\t\t\t\t<\/div>\n\t\t<div class=\"clearfix\"><\/div>","protected":false},"excerpt":{"rendered":"<p>Home T\u00e9moignages clients D\u00e9couvrez comment des entreprises de divers secteurs optimisent leurs flux de travail&#8230;<\/p>\n","protected":false},"author":1,"featured_media":0,"parent":0,"menu_order":0,"comment_status":"closed","ping_status":"closed","template":"elementor_header_footer","meta":{"_angie_page":false,"footnotes":""},"class_list":["post-32898","page","type-page","status-publish","hentry"],"_links":{"self":[{"href":"https:\/\/mailmergic.com\/fr\/wp-json\/wp\/v2\/pages\/32898","targetHints":{"allow":["GET"]}}],"collection":[{"href":"https:\/\/mailmergic.com\/fr\/wp-json\/wp\/v2\/pages"}],"about":[{"href":"https:\/\/mailmergic.com\/fr\/wp-json\/wp\/v2\/types\/page"}],"author":[{"embeddable":true,"href":"https:\/\/mailmergic.com\/fr\/wp-json\/wp\/v2\/users\/1"}],"replies":[{"embeddable":true,"href":"https:\/\/mailmergic.com\/fr\/wp-json\/wp\/v2\/comments?post=32898"}],"version-history":[{"count":5,"href":"https:\/\/mailmergic.com\/fr\/wp-json\/wp\/v2\/pages\/32898\/revisions"}],"predecessor-version":[{"id":38586,"href":"https:\/\/mailmergic.com\/fr\/wp-json\/wp\/v2\/pages\/32898\/revisions\/38586"}],"wp:attachment":[{"href":"https:\/\/mailmergic.com\/fr\/wp-json\/wp\/v2\/media?parent=32898"}],"curies":[{"name":"wp","href":"https:\/\/api.w.org\/{rel}","templated":true}]}}