{"id":17658,"date":"2019-03-08T14:53:20","date_gmt":"2019-03-08T14:53:20","guid":{"rendered":"https:\/\/mailmergic.com\/company\/"},"modified":"2025-12-01T13:27:58","modified_gmt":"2025-12-01T12:27:58","slug":"company","status":"publish","type":"page","link":"https:\/\/mailmergic.com\/fr\/company\/","title":{"rendered":"Entreprise"},"content":{"rendered":"\t\t<div data-elementor-type=\"wp-post\" data-elementor-id=\"17658\" class=\"elementor elementor-17658 elementor-94\">\n\t\t\t\t\t\t<section class=\"elementor-section elementor-top-section elementor-element elementor-element-ccb7529 elementor-section-full_width elementor-section-height-default elementor-section-height-default wpr-particle-no wpr-jarallax-no wpr-parallax-no wpr-sticky-section-no wpr-equal-height-no\" data-id=\"ccb7529\" data-element_type=\"section\" data-e-type=\"section\">\n\t\t\t\t\t\t<div class=\"elementor-container elementor-column-gap-no\">\n\t\t\t\t\t<div class=\"elementor-column elementor-col-100 elementor-top-column elementor-element elementor-element-196652f\" data-id=\"196652f\" data-element_type=\"column\" data-e-type=\"column\">\n\t\t\t<div class=\"elementor-widget-wrap elementor-element-populated\">\n\t\t\t\t\t\t<div class=\"elementor-element elementor-element-0ec8ef0 elementor-widget elementor-widget-tommusrhodus-hero-header-block\" data-id=\"0ec8ef0\" data-element_type=\"widget\" data-e-type=\"widget\" data-widget_type=\"tommusrhodus-hero-header-block.default\">\n\t\t\t\t<div class=\"elementor-widget-container\">\n\t\t\t\t\t\n\t\t\t\t<section data-jarallax data-speed=\"0.2\" class=\"bg-dark text-light header-inner p-0 jarallax o-hidden\" data-overlay>\n\t\t\t\t\t\n\t\t\t\t\t<img fetchpriority=\"high\" decoding=\"async\" width=\"1024\" height=\"683\" src=\"https:\/\/mailmergic.com\/wp-content\/uploads\/2023\/03\/engineer.webp\" class=\"jarallax-img opacity-30\" alt=\"\" srcset=\"https:\/\/mailmergic.com\/wp-content\/uploads\/2023\/03\/engineer.webp 1024w, https:\/\/mailmergic.com\/wp-content\/uploads\/2023\/03\/engineer-300x200.webp 300w, https:\/\/mailmergic.com\/wp-content\/uploads\/2023\/03\/engineer-768x512.webp 768w\" sizes=\"(max-width: 1024px) 100vw, 1024px\" title=\"\">\n\t\t\t      \n\t\t\t\t\t<div class=\"container py-0 layer-2\">\n\t\t\t\t\t\t\t\t<div class=\"row my-3\">\n\t\t\t\t\t\t\t\t\t<div class=\"col\"><nav aria-label=\"breadcrumb\"><ol class=\"breadcrumb\"><li class=\"breadcrumb-item\"><a href=\"https:\/\/mailmergic.com\/fr\/\" class=\"home-link\" rel=\"home\">Home<\/a><\/li><\/ol><\/nav><\/div>\n\t\t\t\t\t\t\t\t<\/div>\n\t\t\t\t\t\t\t\n\t\t\t\t\t\t<div class=\"row my-4 my-md-6\" data-aos=\"fade-up\">\n\t\t\t\t\t\t\t<div class=\"col-lg-9 col-xl-8\"><h1 class=\"display-4\">\u00c0 propos de nous<\/h1><p class=\"lead mb-0\">MailMergic est une entreprise technologique qui d\u00e9veloppe une infrastructure \u00e9conomique pour le traitement automatis\u00e9 de documents. Des entreprises de toutes tailles \u2014 des nouvelles start-ups aux soci\u00e9t\u00e9s cot\u00e9es en bourse \u2014 utilisent notre logiciel pour automatiser leurs flux de travail documentaires.<\/p><\/div>\n\t\t\t\t\t\t<\/div>\n\t\t\t\t\t<\/div>\n\t\t\t<div class=\"divider\"><svg class=\"\" width=\"100%\" height=\"100%\" version=\"1.1\" viewBox=\"0 0 100 100\" xmlns=\"http:\/\/www.w3.org\/2000\/svg\" xmlns:xlink=\"http:\/\/www.w3.org\/1999\/xlink\" preserveAspectRatio=\"none\"><path d=\"M0,0 C6.83050094,50 15.1638343,75 25,75 C41.4957514,75 62.4956597,0 81.2456597,0 C93.7456597,0 99.9971065,0 100,0 L100,100 L0,100\" fill=\"#ffffff\"><\/path><\/svg><\/div><\/section>\t\t\t\t<\/div>\n\t\t\t\t<\/div>\n\t\t\t\t\t<\/div>\n\t\t<\/div>\n\t\t\t\t\t<\/div>\n\t\t<\/section>\n\t\t\t\t<section class=\"elementor-section elementor-top-section elementor-element elementor-element-1ca290f elementor-section-boxed elementor-section-height-default elementor-section-height-default wpr-particle-no wpr-jarallax-no wpr-parallax-no wpr-sticky-section-no wpr-equal-height-no\" data-id=\"1ca290f\" data-element_type=\"section\" data-e-type=\"section\">\n\t\t\t\t\t\t<div class=\"elementor-container elementor-column-gap-default\">\n\t\t\t\t\t<div class=\"elementor-column elementor-col-100 elementor-top-column elementor-element elementor-element-a6e202c\" data-id=\"a6e202c\" data-element_type=\"column\" data-e-type=\"column\">\n\t\t\t<div class=\"elementor-widget-wrap elementor-element-populated\">\n\t\t\t\t\t\t<div class=\"elementor-element elementor-element-dd6296b elementor-widget elementor-widget-text-editor\" data-id=\"dd6296b\" data-element_type=\"widget\" data-e-type=\"widget\" data-widget_type=\"text-editor.default\">\n\t\t\t\t<div class=\"elementor-widget-container\">\n\t\t\t\t\t\t\t\t\t<h2>En un coup d&rsquo;\u0153il<\/h2>\t\t\t\t\t\t\t\t<\/div>\n\t\t\t\t<\/div>\n\t\t\t\t<section class=\"elementor-section elementor-inner-section elementor-element elementor-element-c95f433 elementor-section-boxed elementor-section-height-default elementor-section-height-default wpr-particle-no wpr-jarallax-no wpr-parallax-no wpr-sticky-section-no wpr-equal-height-no\" data-id=\"c95f433\" data-element_type=\"section\" data-e-type=\"section\">\n\t\t\t\t\t\t<div class=\"elementor-container elementor-column-gap-default\">\n\t\t\t\t\t<div class=\"elementor-column elementor-col-25 elementor-inner-column elementor-element elementor-element-40a2566\" data-id=\"40a2566\" data-element_type=\"column\" data-e-type=\"column\">\n\t\t\t<div class=\"elementor-widget-wrap elementor-element-populated\">\n\t\t\t\t\t\t<div class=\"elementor-element elementor-element-56d11c3 elementor-widget elementor-widget-tommusrhodus-counter-block\" data-id=\"56d11c3\" data-element_type=\"widget\" data-e-type=\"widget\" data-widget_type=\"tommusrhodus-counter-block.default\">\n\t\t\t\t<div class=\"elementor-widget-container\">\n\t\t\t\t\t<div data-aos=\"fade-up\" data-aos-delay=\"NaN\"><div class=\"mb-lg-0\"><span class=\"display-4 text-primary d-block\" data-countup data-start=\"456\" data-end=\"11300\" data-duration=\"3\" data-grouping=\"true\" data-suffix=\"\" ><\/span><span class=\"h6\">Utilisateurs actifs mensuels<\/span><\/div><\/div>\t\t\t\t<\/div>\n\t\t\t\t<\/div>\n\t\t\t\t\t<\/div>\n\t\t<\/div>\n\t\t\t\t<div class=\"elementor-column elementor-col-25 elementor-inner-column elementor-element elementor-element-d101ff7\" data-id=\"d101ff7\" data-element_type=\"column\" data-e-type=\"column\">\n\t\t\t<div class=\"elementor-widget-wrap elementor-element-populated\">\n\t\t\t\t\t\t<div class=\"elementor-element elementor-element-31071e6 elementor-widget elementor-widget-tommusrhodus-counter-block\" data-id=\"31071e6\" data-element_type=\"widget\" data-e-type=\"widget\" data-widget_type=\"tommusrhodus-counter-block.default\">\n\t\t\t\t<div class=\"elementor-widget-container\">\n\t\t\t\t\t<div data-aos=\"fade-up\" data-aos-delay=\"NaN\"><div class=\"mb-lg-0\"><span class=\"display-4 text-primary d-block\" data-countup data-start=\"1\" data-end=\"9\" data-duration=\"3\" data-grouping=\"true\" data-suffix=\"\" ><\/span><span class=\"h6\">Membres de l'\u00e9quipe<\/span><\/div><\/div>\t\t\t\t<\/div>\n\t\t\t\t<\/div>\n\t\t\t\t\t<\/div>\n\t\t<\/div>\n\t\t\t\t<div class=\"elementor-column elementor-col-25 elementor-inner-column elementor-element elementor-element-68a3fc3\" data-id=\"68a3fc3\" data-element_type=\"column\" data-e-type=\"column\">\n\t\t\t<div class=\"elementor-widget-wrap elementor-element-populated\">\n\t\t\t\t\t\t<div class=\"elementor-element elementor-element-9eedfc2 elementor-widget elementor-widget-tommusrhodus-counter-block\" data-id=\"9eedfc2\" data-element_type=\"widget\" data-e-type=\"widget\" data-widget_type=\"tommusrhodus-counter-block.default\">\n\t\t\t\t<div class=\"elementor-widget-container\">\n\t\t\t\t\t<div data-aos=\"fade-up\" data-aos-delay=\"NaN\"><div class=\"mb-lg-0\"><span class=\"display-4 text-primary d-block\" data-countup data-start=\"1\" data-end=\"100\" data-duration=\"3\" data-grouping=\"true\" data-suffix=\"%\" ><\/span><span class=\"h6\">Temps de fonctionnement du serveur<\/span><\/div><\/div>\t\t\t\t<\/div>\n\t\t\t\t<\/div>\n\t\t\t\t\t<\/div>\n\t\t<\/div>\n\t\t\t\t<div class=\"elementor-column elementor-col-25 elementor-inner-column elementor-element elementor-element-a23fd87\" data-id=\"a23fd87\" data-element_type=\"column\" data-e-type=\"column\">\n\t\t\t<div class=\"elementor-widget-wrap elementor-element-populated\">\n\t\t\t\t\t\t<div class=\"elementor-element elementor-element-123c8d6 elementor-widget elementor-widget-tommusrhodus-counter-block\" data-id=\"123c8d6\" data-element_type=\"widget\" data-e-type=\"widget\" data-widget_type=\"tommusrhodus-counter-block.default\">\n\t\t\t\t<div class=\"elementor-widget-container\">\n\t\t\t\t\t<div data-aos=\"fade-up\" data-aos-delay=\"NaN\"><div class=\"mb-lg-0\"><span class=\"display-4 text-primary d-block\" data-countup data-start=\"1\" data-end=\"9275\" data-duration=\"3\" data-grouping=\"true\" data-suffix=\"  Milliard\" ><\/span><span class=\"h6\">Formulaires PDF en publipostage<\/span><\/div><\/div>\t\t\t\t<\/div>\n\t\t\t\t<\/div>\n\t\t\t\t\t<\/div>\n\t\t<\/div>\n\t\t\t\t\t<\/div>\n\t\t<\/section>\n\t\t\t\t\t<\/div>\n\t\t<\/div>\n\t\t\t\t\t<\/div>\n\t\t<\/section>\n\t\t\t\t<section class=\"elementor-section elementor-top-section elementor-element elementor-element-9c000e0 elementor-section-content-middle elementor-section-boxed elementor-section-height-default elementor-section-height-default wpr-particle-no wpr-jarallax-no wpr-parallax-no wpr-sticky-section-no wpr-equal-height-no\" data-id=\"9c000e0\" data-element_type=\"section\" data-e-type=\"section\">\n\t\t\t\t\t\t<div class=\"elementor-container elementor-column-gap-default\">\n\t\t\t\t\t<div class=\"elementor-column elementor-col-25 elementor-top-column elementor-element elementor-element-c71797d\" data-id=\"c71797d\" data-element_type=\"column\" data-e-type=\"column\">\n\t\t\t<div class=\"elementor-widget-wrap elementor-element-populated\">\n\t\t\t\t\t\t<div class=\"elementor-element elementor-element-26e8504 rounded shadow-3d elementor-widget elementor-widget-image\" data-id=\"26e8504\" data-element_type=\"widget\" data-e-type=\"widget\" data-widget_type=\"image.default\">\n\t\t\t\t<div class=\"elementor-widget-container\">\n\t\t\t\t\t\t\t\t\t\t\t\t\t\t\t<img decoding=\"async\" width=\"600\" height=\"401\" src=\"https:\/\/mailmergic.com\/wp-content\/uploads\/2023\/03\/office-developer.webp\" class=\"attachment-full size-full wp-image-12154\" alt=\"\" srcset=\"https:\/\/mailmergic.com\/wp-content\/uploads\/2023\/03\/office-developer.webp 600w, https:\/\/mailmergic.com\/wp-content\/uploads\/2023\/03\/office-developer-300x201.webp 300w\" sizes=\"(max-width: 600px) 100vw, 600px\" title=\"\">\t\t\t\t\t\t\t\t\t\t\t\t\t\t\t<\/div>\n\t\t\t\t<\/div>\n\t\t\t\t\t<\/div>\n\t\t<\/div>\n\t\t\t\t<div class=\"elementor-column elementor-col-25 elementor-top-column elementor-element elementor-element-2e5f5c7\" data-id=\"2e5f5c7\" data-element_type=\"column\" data-e-type=\"column\">\n\t\t\t<div class=\"elementor-widget-wrap\">\n\t\t\t\t\t\t\t<\/div>\n\t\t<\/div>\n\t\t\t\t<div class=\"elementor-column elementor-col-25 elementor-top-column elementor-element elementor-element-00a8f67\" data-id=\"00a8f67\" data-element_type=\"column\" data-e-type=\"column\">\n\t\t\t<div class=\"elementor-widget-wrap elementor-element-populated\">\n\t\t\t\t\t\t<div class=\"elementor-element elementor-element-94a2465 elementor-widget elementor-widget-text-editor\" data-id=\"94a2465\" data-element_type=\"widget\" data-e-type=\"widget\" data-widget_type=\"text-editor.default\">\n\t\t\t\t<div class=\"elementor-widget-container\">\n\t\t\t\t\t\t\t\t\t<p><span class=\"badge badge-primary\">NOTRE MISSION<\/span><\/p>\n<div class=\"my-3\"><span class=\"h1\">Acc\u00e9l\u00e9rer le monde.<\/span><\/div>\n<p class=\"lead\"><span style=\"font-size: 1.25rem;\">Notre mission est de soutenir les personnes dans leur travail quotidien. Nous \u00e9liminons le travail manuel et augmentons l&rsquo;automatisation des processus dans une bureaucratie qui ne cesse de cro\u00eetre. <\/span><\/p>\t\t\t\t\t\t\t\t<\/div>\n\t\t\t\t<\/div>\n\t\t\t\t\t<\/div>\n\t\t<\/div>\n\t\t\t\t<div class=\"elementor-column elementor-col-25 elementor-top-column elementor-element elementor-element-7178650\" data-id=\"7178650\" data-element_type=\"column\" data-e-type=\"column\">\n\t\t\t<div class=\"elementor-widget-wrap\">\n\t\t\t\t\t\t\t<\/div>\n\t\t<\/div>\n\t\t\t\t\t<\/div>\n\t\t<\/section>\n\t\t\t\t<section class=\"elementor-section elementor-top-section elementor-element elementor-element-ee6e0d4 elementor-section-boxed elementor-section-height-default elementor-section-height-default wpr-particle-no wpr-jarallax-no wpr-parallax-no wpr-sticky-section-no wpr-equal-height-no\" data-id=\"ee6e0d4\" data-element_type=\"section\" data-e-type=\"section\">\n\t\t\t\t\t\t<div class=\"elementor-container elementor-column-gap-default\">\n\t\t\t\t\t<div class=\"elementor-column elementor-col-100 elementor-top-column elementor-element elementor-element-c8760bc\" data-id=\"c8760bc\" data-element_type=\"column\" data-e-type=\"column\">\n\t\t\t<div class=\"elementor-widget-wrap elementor-element-populated\">\n\t\t\t\t\t\t<div class=\"elementor-element elementor-element-44352f6 elementor-widget elementor-widget-text-editor\" data-id=\"44352f6\" data-element_type=\"widget\" data-e-type=\"widget\" data-widget_type=\"text-editor.default\">\n\t\t\t\t<div class=\"elementor-widget-container\">\n\t\t\t\t\t\t\t\t\t<h2>Notre \u00e9quipe<\/h2>\t\t\t\t\t\t\t\t<\/div>\n\t\t\t\t<\/div>\n\t\t\t\t<div class=\"elementor-element elementor-element-6e8d7f1 elementor-widget elementor-widget-tommusrhodus-team-block\" data-id=\"6e8d7f1\" data-element_type=\"widget\" data-e-type=\"widget\" data-widget_type=\"tommusrhodus-team-block.default\">\n\t\t\t\t<div class=\"elementor-widget-container\">\n\t\t\t\t\t<div class=\"row mb-3\">\n\t\t\t\n\t\t\t\t\n\t\t<div id=\"team-6916\" class=\"col-xl-4 col-lg-4 col-md-6 post-6916 team type-team status-publish has-post-thumbnail hentry\" data-aos=\"fade-up\" data-aos-delay=\"100\">\n\t\t\t<div class=\"card card-lg card-body align-items-center\">\n\t\t\t\t<img decoding=\"async\" width=\"160\" height=\"160\" src=\"https:\/\/mailmergic.com\/wp-content\/uploads\/2022\/11\/natalia.jpg\" class=\"avatar avatar-xlg mb-3 wp-post-image\" alt=\"\" srcset=\"https:\/\/mailmergic.com\/wp-content\/uploads\/2022\/11\/natalia.jpg 160w, https:\/\/mailmergic.com\/wp-content\/uploads\/2022\/11\/natalia-150x150.jpg 150w\" sizes=\"(max-width: 160px) 100vw, 160px\" title=\"\"><h5 class=\"mb-0\">Natalia Dmukhovskaia<\/h5><span>SEO Specialist<\/span>\t\t\t<\/div>\n\t\t<\/div>\n\t\t\t\n\t\t\t\n\t\t\t\t\n\t\t<div id=\"team-5743\" class=\"col-xl-4 col-lg-4 col-md-6 post-5743 team type-team status-publish has-post-thumbnail hentry\" data-aos=\"fade-up\" data-aos-delay=\"200\">\n\t\t\t<div class=\"card card-lg card-body align-items-center\">\n\t\t\t\t<img loading=\"lazy\" decoding=\"async\" width=\"160\" height=\"168\" src=\"https:\/\/mailmergic.com\/wp-content\/uploads\/2022\/06\/Meelika-Kivi-3.jpg\" class=\"avatar avatar-xlg mb-3 wp-post-image\" alt=\"\" title=\"\"><h5 class=\"mb-0\">Meelika Kivi<\/h5><span>Customer Support<\/span>\t\t\t<\/div>\n\t\t<\/div>\n\t\t\t\n\t\t\t\n\t\t\t\t\n\t\t<div id=\"team-5742\" class=\"col-xl-4 col-lg-4 col-md-6 post-5742 team type-team status-publish has-post-thumbnail hentry\" data-aos=\"fade-up\" data-aos-delay=\"300\">\n\t\t\t<div class=\"card card-lg card-body align-items-center\">\n\t\t\t\t<img loading=\"lazy\" decoding=\"async\" width=\"160\" height=\"170\" src=\"https:\/\/mailmergic.com\/wp-content\/uploads\/2025\/12\/Timo-Falkenstein.jpg\" class=\"avatar avatar-xlg mb-3 wp-post-image\" alt=\"\" title=\"\"><h5 class=\"mb-0\">Timo Falkenstein<\/h5><span>Development<\/span>\t\t\t<\/div>\n\t\t<\/div>\n\t\t\t\n\t\t\t\n\t\t\t\t\n\t\t<div id=\"team-5741\" class=\"col-xl-4 col-lg-4 col-md-6 post-5741 team type-team status-publish has-post-thumbnail hentry\" data-aos=\"fade-up\" data-aos-delay=\"400\">\n\t\t\t<div class=\"card card-lg card-body align-items-center\">\n\t\t\t\t<img loading=\"lazy\" decoding=\"async\" width=\"161\" height=\"170\" src=\"https:\/\/mailmergic.com\/wp-content\/uploads\/2025\/12\/Florian-Seidel.jpg\" class=\"avatar avatar-xlg mb-3 wp-post-image\" alt=\"\" title=\"\"><h5 class=\"mb-0\">Florian Seidel<\/h5><span>Development<\/span>\t\t\t<\/div>\n\t\t<\/div>\n\t\t\t\n\t\t\t\n\t\t\t\t\n\t\t<div id=\"team-5729\" class=\"col-xl-4 col-lg-4 col-md-6 post-5729 team type-team status-publish has-post-thumbnail hentry\" data-aos=\"fade-up\" data-aos-delay=\"500\">\n\t\t\t<div class=\"card card-lg card-body align-items-center\">\n\t\t\t\t<img loading=\"lazy\" decoding=\"async\" width=\"288\" height=\"288\" src=\"https:\/\/mailmergic.com\/wp-content\/uploads\/2022\/06\/Ozge-Acar.jpg\" class=\"avatar avatar-xlg mb-3 wp-post-image\" alt=\"\" srcset=\"https:\/\/mailmergic.com\/wp-content\/uploads\/2022\/06\/Ozge-Acar.jpg 288w, https:\/\/mailmergic.com\/wp-content\/uploads\/2022\/06\/Ozge-Acar-150x150.jpg 150w\" sizes=\"(max-width: 288px) 100vw, 288px\" title=\"\"><h5 class=\"mb-0\">Ozge Acar<\/h5><span>Human Resources<\/span>\t\t\t<\/div>\n\t\t<\/div>\n\t\t\t\n\t\t\t\n\t\t\t\t\n\t\t<div id=\"team-126\" class=\"col-xl-4 col-lg-4 col-md-6 post-126 team type-team status-publish has-post-thumbnail hentry\" data-aos=\"fade-up\" data-aos-delay=\"600\">\n\t\t\t<div class=\"card card-lg card-body align-items-center\">\n\t\t\t\t<span class=\"badge badge-primary badge-top\">Founder<\/span><img loading=\"lazy\" decoding=\"async\" width=\"250\" height=\"250\" src=\"https:\/\/mailmergic.com\/wp-content\/uploads\/2025\/12\/Lennart.jpg\" class=\"avatar avatar-xlg mb-3 wp-post-image\" alt=\"\" srcset=\"https:\/\/mailmergic.com\/wp-content\/uploads\/2025\/12\/Lennart.jpg 250w, https:\/\/mailmergic.com\/wp-content\/uploads\/2025\/12\/Lennart-150x150.jpg 150w\" sizes=\"(max-width: 250px) 100vw, 250px\" title=\"\"><h5 class=\"mb-0\">Lennart Guth<\/h5><span>Head of Development<\/span>\t\t\t<\/div>\n\t\t<\/div>\n\t\t\t\n\t\t\t\n\t\t\t\t\n\t\t<div id=\"team-127\" class=\"col-xl-4 col-lg-4 col-md-6 post-127 team type-team status-publish has-post-thumbnail hentry\" data-aos=\"fade-up\" data-aos-delay=\"700\">\n\t\t\t<div class=\"card card-lg card-body align-items-center\">\n\t\t\t\t<img loading=\"lazy\" decoding=\"async\" width=\"288\" height=\"288\" src=\"https:\/\/mailmergic.com\/wp-content\/uploads\/2020\/07\/cropped-Sebastian-Schrade.jpg\" class=\"avatar avatar-xlg mb-3 wp-post-image\" alt=\"\" srcset=\"https:\/\/mailmergic.com\/wp-content\/uploads\/2020\/07\/cropped-Sebastian-Schrade.jpg 288w, https:\/\/mailmergic.com\/wp-content\/uploads\/2020\/07\/cropped-Sebastian-Schrade-150x150.jpg 150w\" sizes=\"(max-width: 288px) 100vw, 288px\" title=\"\"><h5 class=\"mb-0\">Sebastian Schrade<\/h5><span>Finance<\/span>\t\t\t<\/div>\n\t\t<\/div>\n\t\t\t\n\t\t\t\n\t\t\t\t\n\t\t<div id=\"team-128\" class=\"col-xl-4 col-lg-4 col-md-6 post-128 team type-team status-publish has-post-thumbnail hentry\" data-aos=\"fade-up\" data-aos-delay=\"800\">\n\t\t\t<div class=\"card card-lg card-body align-items-center\">\n\t\t\t\t<img loading=\"lazy\" decoding=\"async\" width=\"160\" height=\"165\" src=\"https:\/\/mailmergic.com\/wp-content\/uploads\/2022\/06\/pham-ngoc-trinh-1.jpg\" class=\"avatar avatar-xlg mb-3 wp-post-image\" alt=\"\" title=\"\"><h5 class=\"mb-0\">Pham Ngoc Trinh<\/h5><span>Online Marketing<\/span>\t\t\t<\/div>\n\t\t<\/div>\n\t\t\t\n\t\t\t\n\t\t\t\t\n\t\t<div id=\"team-130\" class=\"col-xl-4 col-lg-4 col-md-6 post-130 team type-team status-publish has-post-thumbnail hentry\" data-aos=\"fade-up\" data-aos-delay=\"900\">\n\t\t\t<div class=\"card card-lg card-body align-items-center\">\n\t\t\t\t<img loading=\"lazy\" decoding=\"async\" width=\"163\" height=\"170\" src=\"https:\/\/mailmergic.com\/wp-content\/uploads\/2022\/06\/freya-landsteiner-1.jpg\" class=\"avatar avatar-xlg mb-3 wp-post-image\" alt=\"\" title=\"\"><h5 class=\"mb-0\">Freya Landsteiner<\/h5><span>Customer Support<\/span>\t\t\t<\/div>\n\t\t<\/div>\n\t\t\t\n\t<\/div>\t\t\t\t<\/div>\n\t\t\t\t<\/div>\n\t\t\t\t<div class=\"elementor-element elementor-element-f4a25be elementor-widget elementor-widget-text-editor\" data-id=\"f4a25be\" data-element_type=\"widget\" data-e-type=\"widget\" data-widget_type=\"text-editor.default\">\n\t\t\t\t<div class=\"elementor-widget-container\">\n\t\t\t\t\t\t\t\t\tInt\u00e9ress\u00e9 \u00e0 rejoindre notre \u00e9quipe ?  <a href=\"https:\/\/mailmergic.com\/fr\/emplois\/\">Voir les offres d&#8217;emploi<\/a>\t\t\t\t\t\t\t\t<\/div>\n\t\t\t\t<\/div>\n\t\t\t\t\t<\/div>\n\t\t<\/div>\n\t\t\t\t\t<\/div>\n\t\t<\/section>\n\t\t\t\t<section class=\"elementor-section elementor-top-section elementor-element elementor-element-8304cd4 bg-primary-alt elementor-section-boxed elementor-section-height-default elementor-section-height-default wpr-particle-no wpr-jarallax-no wpr-parallax-no wpr-sticky-section-no wpr-equal-height-no\" data-id=\"8304cd4\" data-element_type=\"section\" data-e-type=\"section\">\n\t\t\t\t\t\t<div class=\"elementor-container elementor-column-gap-default\">\n\t\t\t\t\t<div class=\"elementor-column elementor-col-100 elementor-top-column elementor-element elementor-element-63e880d\" data-id=\"63e880d\" data-element_type=\"column\" data-e-type=\"column\">\n\t\t\t<div class=\"elementor-widget-wrap elementor-element-populated\">\n\t\t\t\t\t\t<div class=\"elementor-element elementor-element-8397b71 elementor-widget elementor-widget-text-editor\" data-id=\"8397b71\" data-element_type=\"widget\" data-e-type=\"widget\" data-widget_type=\"text-editor.default\">\n\t\t\t\t<div class=\"elementor-widget-container\">\n\t\t\t\t\t\t\t\t\t<h2>Notre histoire<\/h2>\t\t\t\t\t\t\t\t<\/div>\n\t\t\t\t<\/div>\n\t\t\t\t<div class=\"elementor-element elementor-element-4202073 elementor-widget elementor-widget-tommusrhodus-timeline-block\" data-id=\"4202073\" data-element_type=\"widget\" data-e-type=\"widget\" data-widget_type=\"tommusrhodus-timeline-block.default\">\n\t\t\t\t<div class=\"elementor-widget-container\">\n\t\t\t\t\t<div class=\"row o-hidden o-lg-visible\"><div class=\"col d-flex flex-column align-items-center\"><ol class=\"process-vertical\">\n\t\t\t\t<li data-aos=\"fade-left\">\n\t\t\t\t\t<div class=\"process-circle bg-primary\"><\/div>\n\t\t\t\t\t<div>\n\t\t\t\t\t\t<span class=\"text-small text-muted\">Juin 2019<\/span>\n\t\t\t\t\t\t<h5 class=\"mb-0\">Formation de l'entreprise<\/h5>\n\t\t\t\t\t<\/div>\n\t\t\t\t<\/li>\n\t\t\t\n\t\t\t\t<li data-aos=\"fade-left\">\n\t\t\t\t\t<div class=\"process-circle bg-primary\"><\/div>\n\t\t\t\t\t<div>\n\t\t\t\t\t\t<span class=\"text-small text-muted\">Ao\u00fbt 2019<\/span>\n\t\t\t\t\t\t<h5 class=\"mb-0\">Lancement de PDF Mail Merger<\/h5>\n\t\t\t\t\t<\/div>\n\t\t\t\t<\/li>\n\t\t\t\n\t\t\t\t<li data-aos=\"fade-left\">\n\t\t\t\t\t<div class=\"process-circle bg-primary\"><\/div>\n\t\t\t\t\t<div>\n\t\t\t\t\t\t<span class=\"text-small text-muted\">F\u00e9vrier 2023<\/span>\n\t\t\t\t\t\t<h5 class=\"mb-0\">Lancement de l'acc\u00e8s API ouvert<\/h5>\n\t\t\t\t\t<\/div>\n\t\t\t\t<\/li>\n\t\t\t\n\t\t\t\t<li data-aos=\"fade-left\">\n\t\t\t\t\t<div class=\"process-circle bg-primary\"><\/div>\n\t\t\t\t\t<div>\n\t\t\t\t\t\t<span class=\"text-small text-muted\">Juin 2024<\/span>\n\t\t\t\t\t\t<h5 class=\"mb-0\">Changement de marque vers MailMergic<\/h5>\n\t\t\t\t\t<\/div>\n\t\t\t\t<\/li>\n\t\t\t\n\t\t\t\t<li data-aos=\"fade-left\">\n\t\t\t\t\t<div class=\"process-circle bg-primary\"><\/div>\n\t\t\t\t\t<div>\n\t\t\t\t\t\t<span class=\"text-small text-muted\">Ao\u00fbt 2024<\/span>\n\t\t\t\t\t\t<h5 class=\"mb-0\">Lancement de MailMergic - hors ligne<\/h5>\n\t\t\t\t\t<\/div>\n\t\t\t\t<\/li>\n\t\t\t\n\t\t\t\t<li data-aos=\"fade-left\">\n\t\t\t\t\t<div class=\"process-circle bg-primary\"><\/div>\n\t\t\t\t\t<div>\n\t\t\t\t\t\t<span class=\"text-small text-muted\">August 2025<\/span>\n\t\t\t\t\t\t<h5 class=\"mb-0\">Transformation to GmbH & new office in Eschborn<\/h5>\n\t\t\t\t\t<\/div>\n\t\t\t\t<\/li>\n\t\t\t<\/ol><\/div><\/div>\t\t\t\t<\/div>\n\t\t\t\t<\/div>\n\t\t\t\t\t<\/div>\n\t\t<\/div>\n\t\t\t\t\t<\/div>\n\t\t<\/section>\n\t\t\t\t<\/div>\n\t\t<div class=\"clearfix\"><\/div>","protected":false},"excerpt":{"rendered":"<p>Home \u00c0 propos de nous MailMergic est une entreprise technologique qui d\u00e9veloppe une infrastructure \u00e9conomique&#8230;<\/p>\n","protected":false},"author":1,"featured_media":0,"parent":0,"menu_order":0,"comment_status":"closed","ping_status":"closed","template":"elementor_header_footer","meta":{"_angie_page":false,"footnotes":""},"class_list":["post-17658","page","type-page","status-publish","hentry"],"_links":{"self":[{"href":"https:\/\/mailmergic.com\/fr\/wp-json\/wp\/v2\/pages\/17658","targetHints":{"allow":["GET"]}}],"collection":[{"href":"https:\/\/mailmergic.com\/fr\/wp-json\/wp\/v2\/pages"}],"about":[{"href":"https:\/\/mailmergic.com\/fr\/wp-json\/wp\/v2\/types\/page"}],"author":[{"embeddable":true,"href":"https:\/\/mailmergic.com\/fr\/wp-json\/wp\/v2\/users\/1"}],"replies":[{"embeddable":true,"href":"https:\/\/mailmergic.com\/fr\/wp-json\/wp\/v2\/comments?post=17658"}],"version-history":[{"count":6,"href":"https:\/\/mailmergic.com\/fr\/wp-json\/wp\/v2\/pages\/17658\/revisions"}],"predecessor-version":[{"id":36102,"href":"https:\/\/mailmergic.com\/fr\/wp-json\/wp\/v2\/pages\/17658\/revisions\/36102"}],"wp:attachment":[{"href":"https:\/\/mailmergic.com\/fr\/wp-json\/wp\/v2\/media?parent=17658"}],"curies":[{"name":"wp","href":"https:\/\/api.w.org\/{rel}","templated":true}]}}