{"id":37436,"date":"2026-01-16T13:28:42","date_gmt":"2026-01-16T12:28:42","guid":{"rendered":"https:\/\/mailmergic.com\/casos-de-exito\/austin-premier-realty\/"},"modified":"2026-01-16T13:39:38","modified_gmt":"2026-01-16T12:39:38","slug":"austin-premier-realty","status":"publish","type":"page","link":"https:\/\/mailmergic.com\/es\/casos-de-exito\/austin-premier-realty\/","title":{"rendered":"Austin Premier Realty"},"content":{"rendered":"\n<p>Sarah Martinez y su equipo de Austin Premier Realty utilizan la generaci\u00f3n automatizada de documentos para escalar su corretaje sin aumentar el n\u00famero de empleados. En un mercado de gran volumen donde los equipos de alto rendimiento han visto aumentar el volumen de transacciones en m\u00e1s del 400%, la administraci\u00f3n interna (acuerdos de cotizaci\u00f3n, divulgaciones y contratos de compra) es a menudo el mayor cuello de botella. Al conectar los datos de sus transacciones en Excel directamente con las plantillas PDF oficiales, el equipo de Sarah ahora genera paquetes de documentos complejos en segundos en lugar de horas. El sistema no requiere codificaci\u00f3n ni soporte de TI, lo que permite a los agentes centrarse en el asesoramiento y las negociaciones de clientes de alto valor en lugar de la entrada manual de datos.   <\/p>\n\n<figure class=\"wp-block-image size-large\"><img fetchpriority=\"high\" decoding=\"async\" width=\"683\" height=\"1024\" src=\"https:\/\/mailmergic.com\/wp-content\/uploads\/2026\/01\/austin-premier-realtor-1-683x1024.png\" alt=\"\" class=\"wp-image-37397\" title=\"\" srcset=\"https:\/\/mailmergic.com\/wp-content\/uploads\/2026\/01\/austin-premier-realtor-1-683x1024.png 683w, https:\/\/mailmergic.com\/wp-content\/uploads\/2026\/01\/austin-premier-realtor-1-200x300.png 200w, https:\/\/mailmergic.com\/wp-content\/uploads\/2026\/01\/austin-premier-realtor-1-768x1152.png 768w, https:\/\/mailmergic.com\/wp-content\/uploads\/2026\/01\/austin-premier-realtor-1.png 1024w\" sizes=\"(max-width: 683px) 100vw, 683px\" \/><figcaption class=\"wp-element-caption\">Sarah Martinez, agente principal de Austin Premier Realty<\/figcaption><\/figure>\n<h2 class=\"wp-block-heading\" id=\"el-desafio\">El desaf\u00edo<\/h2>\n<p>Austin Premier Realty se enfrent\u00f3 a un \u00abtecho de papeleo manual\u00bb. Sarah y su equipo perd\u00edan aproximadamente 22 horas por semana en tareas administrativas que no generaban ingresos directamente. El proceso tradicional implicaba copiar manualmente los detalles de la propiedad del MLS e ingresar la informaci\u00f3n del cliente de su CRM en varios formularios. Este flujo de trabajo fragmentado no solo era una p\u00e9rdida de tiempo, sino que tambi\u00e9n conllevaba un riesgo financiero y legal significativo. Una sola fecha mal colocada o una divulgaci\u00f3n faltante en una transacci\u00f3n residencial puede descarrilar un cierre o resultar en la p\u00e9rdida del dep\u00f3sito de garant\u00eda. El equipo necesitaba una soluci\u00f3n que garantizara una consistencia de datos del 100% en cada documento en un archivo de transacci\u00f3n sin la \u00abpesadez\u00bb de la escritura repetitiva.     <\/p>\n\n<figure class=\"wp-block-image size-full\"><img decoding=\"async\" width=\"1024\" height=\"683\" src=\"https:\/\/mailmergic.com\/wp-content\/uploads\/2026\/01\/austin-premier-realtor-2-1.png\" alt=\"\" class=\"wp-image-37415\" title=\"\" srcset=\"https:\/\/mailmergic.com\/wp-content\/uploads\/2026\/01\/austin-premier-realtor-2-1.png 1024w, https:\/\/mailmergic.com\/wp-content\/uploads\/2026\/01\/austin-premier-realtor-2-1-300x200.png 300w, https:\/\/mailmergic.com\/wp-content\/uploads\/2026\/01\/austin-premier-realtor-2-1-768x512.png 768w\" sizes=\"(max-width: 1024px) 100vw, 1024px\" \/><figcaption class=\"wp-element-caption\">Detr\u00e1s de las escenas en la oficina de Austin Premier Realty<\/figcaption><\/figure>\n<h2 class=\"wp-block-heading\" id=\"la-solucion\">La soluci\u00f3n<\/h2>\n<p>Sarah implement\u00f3 un marco de automatizaci\u00f3n unificado que convirti\u00f3 los contratos est\u00e1ticos en activos din\u00e1micos.<sup><\/sup>  El equipo configur\u00f3 el proceso en cuatro pasos optimizados:  <\/p>\n\n<ol start=\"1\" class=\"wp-block-list\">\n<li><strong>Preparar plantillas:<\/strong> Crearon una biblioteca de plantillas PDF \u00ablistas para usar\u00bb para acuerdos de cotizaci\u00f3n, contratos de representaci\u00f3n del comprador y divulgaciones obligatorias por el estado con campos interactivos.<\/li>\n\n\n\n<li><strong>Centralizar datos:<\/strong> Los agentes mantienen un \u00fanico libro de trabajo de Excel para cada transacci\u00f3n, que act\u00faa como la \u00abfuente de verdad\u00bb para los nombres de los clientes, las descripciones legales y las fechas cr\u00edticas.<\/li>\n\n\n\n<li><strong>Combinar instant\u00e1neamente:<\/strong> Con un solo clic, los datos se extraen de Excel para completar todo el paquete de documentos. La validaci\u00f3n integrada del sistema marca autom\u00e1ticamente las discrepancias o la informaci\u00f3n faltante antes de que se finalicen los documentos. <\/li>\n\n\n\n<li><strong>Ejecutar y rastrear:<\/strong> Los documentos combinados se enrutan autom\u00e1ticamente para firmas electr\u00f3nicas, y el sistema env\u00eda recordatorios a las partes interesadas para garantizar que no se pierda ning\u00fan plazo.<\/li>\n<\/ol>\n\n<figure class=\"wp-block-image size-large\"><img decoding=\"async\" width=\"1024\" height=\"683\" src=\"https:\/\/mailmergic.com\/wp-content\/uploads\/2026\/01\/austin-premier-realtor-3-1024x683.png\" alt=\"\" class=\"wp-image-37409\" title=\"\" srcset=\"https:\/\/mailmergic.com\/wp-content\/uploads\/2026\/01\/austin-premier-realtor-3-1024x683.png 1024w, https:\/\/mailmergic.com\/wp-content\/uploads\/2026\/01\/austin-premier-realtor-3-300x200.png 300w, https:\/\/mailmergic.com\/wp-content\/uploads\/2026\/01\/austin-premier-realtor-3-768x512.png 768w, https:\/\/mailmergic.com\/wp-content\/uploads\/2026\/01\/austin-premier-realtor-3.png 1536w\" sizes=\"(max-width: 1024px) 100vw, 1024px\" \/><figcaption class=\"wp-element-caption\">Precisi\u00f3n en cada clic<\/figcaption><\/figure>\n<h2 class=\"wp-block-heading\" id=\"resultados-y-beneficios\">Resultados y beneficios<\/h2>\n<p>Desde que adopt\u00f3 este enfoque automatizado, Austin Premier Realty ha transformado su eficiencia operativa:<\/p>\n\n<ul class=\"wp-block-list\">\n<li><strong>Ahorro de tiempo masivo:<\/strong> El tiempo de generaci\u00f3n de documentos se ha reducido en m\u00e1s del 90%. La redacci\u00f3n de un paquete de contrato complejo que antes tomaba de 4 a 8 horas ahora se completa en aproximadamente 90 segundos. <\/li>\n\n\n\n<li><strong>Capacidad de crecimiento recuperada:<\/strong> Cada miembro del equipo recupera de 15 a 20 horas por semana. Sarah pudo aumentar su volumen de transacciones en un 40% sin agregar personal administrativo adicional. <\/li>\n\n\n\n<li><strong>Tasas de error en picado:<\/strong> Al eliminar la transcripci\u00f3n manual, la empresa vio una reducci\u00f3n del 85% en los errores de documentos. La consistencia en cada formulario protege al corretaje de las brechas de cumplimiento y las responsabilidades legales. <\/li>\n\n\n\n<li><strong>Experiencia del cliente mejorada:<\/strong> Los clientes informan que se sienten m\u00e1s empoderados y eficientes al usar los procesos de cierre digital, lo que lleva a una mejora del 50% en las calificaciones de satisfacci\u00f3n del cliente de la empresa.<\/li>\n<\/ul>\n\n<blockquote class=\"wp-block-quote is-layout-flow wp-block-quote-is-layout-flow\">\n<p>\u201cEsta soluci\u00f3n convirti\u00f3 una tarea semanal en algo que terminamos a la hora del almuerzo\u201d, dice <strong>Sarah Martinez, agente principal de Austin Premier Realty<\/strong>.<\/p>\n\n\n\n<p>\u201cEstamos recuperando m\u00e1s de 20 horas a la semana mientras aumentamos nuestra producci\u00f3n en un 40%. No puedo imaginar volver a la antigua forma manual de hacer las cosas\u201d. \u2014 <strong>Sarah Martinez<\/strong><\/p>\n<\/blockquote>\n<h2 class=\"wp-block-heading\" id=\"conclusion\">Conclusi\u00f3n<\/h2>\n<p>La automatizaci\u00f3n ha eliminado eficazmente la fricci\u00f3n administrativa en Austin Premier Realty. Al eliminar la necesidad de la entrada manual de datos, el equipo ha dejado de \u00abhacer girar sus ruedas\u00bb en el papeleo y ha vuelto a su misi\u00f3n principal: proporcionar an\u00e1lisis de mercado expertos y un profundo apoyo a sus clientes. Este caso de estudio demuestra que cuando los profesionales de bienes ra\u00edces aprovechan las herramientas de automatizaci\u00f3n de \u00abcurva de aprendizaje cero\u00bb, no solo trabajan m\u00e1s r\u00e1pido. Crean un negocio escalable, profesional y listo para la auditor\u00eda que se destaca en un mercado abarrotado.   <\/p>\n\n<p><\/p>\n<div class=\"clearfix\"><\/div>","protected":false},"excerpt":{"rendered":"<p>Sarah Martinez y su equipo de Austin Premier Realty utilizan la generaci\u00f3n automatizada de documentos&#8230;<\/p>\n","protected":false},"author":1,"featured_media":0,"parent":32910,"menu_order":0,"comment_status":"closed","ping_status":"closed","template":"","meta":{"_angie_page":false,"footnotes":""},"class_list":["post-37436","page","type-page","status-publish","hentry"],"_links":{"self":[{"href":"https:\/\/mailmergic.com\/es\/wp-json\/wp\/v2\/pages\/37436","targetHints":{"allow":["GET"]}}],"collection":[{"href":"https:\/\/mailmergic.com\/es\/wp-json\/wp\/v2\/pages"}],"about":[{"href":"https:\/\/mailmergic.com\/es\/wp-json\/wp\/v2\/types\/page"}],"author":[{"embeddable":true,"href":"https:\/\/mailmergic.com\/es\/wp-json\/wp\/v2\/users\/1"}],"replies":[{"embeddable":true,"href":"https:\/\/mailmergic.com\/es\/wp-json\/wp\/v2\/comments?post=37436"}],"version-history":[{"count":2,"href":"https:\/\/mailmergic.com\/es\/wp-json\/wp\/v2\/pages\/37436\/revisions"}],"predecessor-version":[{"id":37466,"href":"https:\/\/mailmergic.com\/es\/wp-json\/wp\/v2\/pages\/37436\/revisions\/37466"}],"up":[{"embeddable":true,"href":"https:\/\/mailmergic.com\/es\/wp-json\/wp\/v2\/pages\/32910"}],"wp:attachment":[{"href":"https:\/\/mailmergic.com\/es\/wp-json\/wp\/v2\/media?parent=37436"}],"curies":[{"name":"wp","href":"https:\/\/api.w.org\/{rel}","templated":true}]}}