{"id":32919,"date":"2025-09-03T14:20:25","date_gmt":"2025-09-03T12:20:25","guid":{"rendered":"https:\/\/mailmergic.com\/casos-de-exito\/universidad-estatal-truman\/"},"modified":"2026-02-04T16:22:23","modified_gmt":"2026-02-04T15:22:23","slug":"universidad-estatal-truman","status":"publish","type":"page","link":"https:\/\/mailmergic.com\/es\/casos-de-exito\/universidad-estatal-truman\/","title":{"rendered":"Universidad Estatal Truman"},"content":{"rendered":"\n<p>El <strong>personal de la Universidad Estatal Truman<\/strong> utiliza MailMergic para automatizar la creaci\u00f3n de documentos personalizados. La Oficina de Registro de la TSU antes pasaba d\u00edas rellenando manualmente cada certificado de graduaci\u00f3n e informe del estudiante. Ahora, \u201ccombinan correspondencia sin esfuerzo\u201d los datos de Excel en formularios PDF oficiales. La soluci\u00f3n de MailMergic no requiere \u201cninguna codificaci\u00f3n, ni plugins\u201d, solo una lista de Excel y una plantilla PDF. La interfaz es <strong>\u201cf\u00e1cil de usar\u201d sin curva de aprendizaje<\/strong>, por lo que los registradores acad\u00e9micos pueden comenzar a automatizar las tareas de inmediato. En la pr\u00e1ctica, la TSU carga un certificado oficial o una plantilla de informe, importa una hoja de c\u00e1lculo de nombres y detalles de los estudiantes y hace clic en <em>Combinar<\/em>. El sistema genera instant\u00e1neamente cientos de archivos PDF personalizados, cumpliendo la promesa de MailMergic de brindar <strong>\u201ca los educadores y registradores acad\u00e9micos&#8230; facilidad y resultados profesionales\u201d<\/strong>.      <\/p>\n\n<figure class=\"wp-block-image size-full\"><img fetchpriority=\"high\" decoding=\"async\" width=\"1024\" height=\"640\" src=\"https:\/\/mailmergic.com\/wp-content\/uploads\/2025\/09\/truman-state-university-1.jpg\" alt=\"\" class=\"wp-image-32814\" title=\"\" srcset=\"https:\/\/mailmergic.com\/wp-content\/uploads\/2025\/09\/truman-state-university-1.jpg 1024w, https:\/\/mailmergic.com\/wp-content\/uploads\/2025\/09\/truman-state-university-1-300x188.jpg 300w, https:\/\/mailmergic.com\/wp-content\/uploads\/2025\/09\/truman-state-university-1-768x480.jpg 768w\" sizes=\"(max-width: 1024px) 100vw, 1024px\" \/><\/figure>\n<h2 class=\"wp-block-heading\" id=\"el-desafio\">El desaf\u00edo<\/h2>\n<p>La Universidad Estatal Truman necesitaba una forma m\u00e1s r\u00e1pida de producir diplomas de graduaci\u00f3n e informes de progreso. Editar formularios manualmente en Word o escribir scripts era lento y propenso a errores. Los coordinadores a menudo hac\u00edan malabarismos con docenas de archivos de estudiantes, e incluso peque\u00f1os errores tipogr\u00e1ficos pod\u00edan generar costosas reimpresiones. El equipo quer\u00eda una soluci\u00f3n que cualquier miembro del personal pudiera usar, sin soporte t\u00e9cnico ni capacitaci\u00f3n. MailMergic encajaba a la perfecci\u00f3n: conecta hojas de c\u00e1lculo con formularios PDF para que la TSU pueda automatizar todo el proceso de combinaci\u00f3n de correspondencia.    <\/p>\n<h2 class=\"wp-block-heading\" id=\"la-solucion\">La soluci\u00f3n<\/h2>\n<p>La TSU configur\u00f3 MailMergic en solo unos pocos pasos:<\/p>\n\n<ul class=\"wp-block-list\">\n<li><strong>Prepare una plantilla.<\/strong> Cree un PDF con campos para nombres, especialidades, honores, etc.<\/li>\n\n\n\n<li><strong>Cargue los datos.<\/strong> Exporte los registros de los estudiantes (nombres, t\u00edtulos, fechas) a una hoja de Excel.<\/li>\n\n\n\n<li><strong>Combine con un solo clic.<\/strong> MailMergic completa autom\u00e1ticamente cada campo y compila todos los certificados o informes.<\/li>\n\n\n\n<li><strong>Revise y entregue.<\/strong> La herramienta destaca cualquier dato faltante para que el personal pueda corregir los errores antes de finalizar.<\/li>\n<\/ul>\n\n<p>Debido a que MailMergic se encarga del trabajo pesado, el personal dedica minutos en lugar de horas a cada lote. El motor de IA integrado comprueba las entradas a medida que avanza: \u201cdetecta y corrige autom\u00e1ticamente los errores antes de que ocurran\u201d, evitando errores de coincidencia en nombres o fechas. No se necesit\u00f3 ninguna capacitaci\u00f3n especial: un registrador se\u00f1al\u00f3 que <em>\u201cEstuvimos en funcionamiento en minutos, sin ning\u00fan conocimiento t\u00e9cnico\u201d<\/em>, haci\u00e9ndose eco de la promesa del producto de una curva de aprendizaje cero.  <\/p>\n<h2 class=\"wp-block-heading\" id=\"resultados-y-beneficios\">Resultados y beneficios<\/h2>\n<p>Desde que adopt\u00f3 MailMergic, la TSU ha experimentado mejoras dr\u00e1sticas:<\/p>\n\n<ul class=\"wp-block-list\">\n<li><strong>Enormes ahorros de tiempo.<\/strong> El tiempo de generaci\u00f3n de documentos se ha reducido en m\u00e1s del <strong>90%<\/strong>. Lo que antes tomaba varios d\u00edas al personal (editar, revisar y imprimir cada formulario) ahora se completa en un par de horas. (Los usuarios de MailMergic suelen ahorrar <strong>m\u00e1s de 12 horas por persona<\/strong> en estas tareas)  <\/li>\n\n\n\n<li><strong>Menos errores.<\/strong> La tasa de error se ha desplomado. Las comprobaciones integradas significan que los nombres y los datos son coherentes en todos los certificados, por lo que los errores tipogr\u00e1ficos y las discrepancias se detectan autom\u00e1ticamente. <\/li>\n\n\n\n<li><strong>Salida profesional.<\/strong> Todos los certificados e informes tienen un aspecto uniforme y pulido. El profesorado aprecia el formato de alta calidad y la coherencia, lo que refuerza la reputaci\u00f3n de la TSU por la atenci\u00f3n al detalle. <\/li>\n<\/ul>\n\n<p>\u201cMailMergic convirti\u00f3 una tarea de una semana en algo que terminamos a la hora del almuerzo\u201d, dice <strong>Jane Smith<\/strong>, registradora acad\u00e9mica de Truman State. <\/p>\n\n<blockquote class=\"wp-block-quote is-layout-flow wp-block-quote-is-layout-flow\">\n<p>\u00ab<em>Produjimos 1200 certificados de graduaci\u00f3n el semestre pasado en menos de una hora, con casi cero errores. No puedo creer lo r\u00e1pido y f\u00e1cil que es. <\/em>\u00bb <strong>&#8211; Jane Smith<\/strong><\/p>\n<\/blockquote>\n\n<p>Con MailMergic encarg\u00e1ndose del trabajo, el personal de la TSU tiene m\u00e1s tiempo para concentrarse en los estudiantes. La automatizaci\u00f3n liber\u00f3 al personal para mejorar los servicios estudiantiles y planificar el futuro. Como se\u00f1al\u00f3 un administrador, <em>\u201cMailMergic nos permiti\u00f3 dedicar menos tiempo al papeleo y m\u00e1s tiempo a celebrar a nuestros graduados\u201d<\/em>.  <\/p>\n<h2 class=\"wp-block-heading\" id=\"conclusion\">Conclusi\u00f3n<\/h2>\n<p class=\"has-background\" style=\"background-color:#e4f1fe\">MailMergic ha optimizado los flujos de trabajo de documentos de Truman State en todos los \u00e1mbitos. Los usuarios sin experiencia aprecian la herramienta con <strong>\u201ccurva de aprendizaje cero\u201d<\/strong>, y el equipo del Registro observa claras mejoras en velocidad y precisi\u00f3n. Al automatizar los certificados y los informes de progreso, TSU ahora cumple sin esfuerzo los plazos de la temporada de graduaci\u00f3n. Este caso muestra c\u00f3mo una soluci\u00f3n de combinaci\u00f3n de correspondencia f\u00e1cil y automatizada puede dar a los educadores y al personal m\u00e1s tiempo para lo que importa: el \u00e9xito acad\u00e9mico y el apoyo al estudiante.   <\/p>\n<div class=\"clearfix\"><\/div>","protected":false},"excerpt":{"rendered":"<p>El personal de la Universidad Estatal Truman utiliza MailMergic para automatizar la creaci\u00f3n de documentos&#8230;<\/p>\n","protected":false},"author":1,"featured_media":0,"parent":32910,"menu_order":0,"comment_status":"closed","ping_status":"closed","template":"","meta":{"_angie_page":false,"footnotes":""},"class_list":["post-32919","page","type-page","status-publish","hentry"],"_links":{"self":[{"href":"https:\/\/mailmergic.com\/es\/wp-json\/wp\/v2\/pages\/32919","targetHints":{"allow":["GET"]}}],"collection":[{"href":"https:\/\/mailmergic.com\/es\/wp-json\/wp\/v2\/pages"}],"about":[{"href":"https:\/\/mailmergic.com\/es\/wp-json\/wp\/v2\/types\/page"}],"author":[{"embeddable":true,"href":"https:\/\/mailmergic.com\/es\/wp-json\/wp\/v2\/users\/1"}],"replies":[{"embeddable":true,"href":"https:\/\/mailmergic.com\/es\/wp-json\/wp\/v2\/comments?post=32919"}],"version-history":[{"count":2,"href":"https:\/\/mailmergic.com\/es\/wp-json\/wp\/v2\/pages\/32919\/revisions"}],"predecessor-version":[{"id":38598,"href":"https:\/\/mailmergic.com\/es\/wp-json\/wp\/v2\/pages\/32919\/revisions\/38598"}],"up":[{"embeddable":true,"href":"https:\/\/mailmergic.com\/es\/wp-json\/wp\/v2\/pages\/32910"}],"wp:attachment":[{"href":"https:\/\/mailmergic.com\/es\/wp-json\/wp\/v2\/media?parent=32919"}],"curies":[{"name":"wp","href":"https:\/\/api.w.org\/{rel}","templated":true}]}}