{"id":18528,"date":"2026-02-02T21:02:00","date_gmt":"2026-02-02T20:02:00","guid":{"rendered":"https:\/\/mailmergic.com\/aviso-legal\/"},"modified":"2026-04-03T18:11:53","modified_gmt":"2026-04-03T16:11:53","slug":"aviso-legal","status":"publish","type":"page","link":"https:\/\/mailmergic.com\/es\/aviso-legal\/","title":{"rendered":"Aviso legal"},"content":{"rendered":"\n<p class=\"linkbox\">\n \u00bfEstaba buscando nuestro nuevo servicio?<br\/> Aprenda a crear f\u00e1cilmente una <a href=\"https:\/\/mailmergic.com\/es\/combinacion-correspondencia-word\/\" class=\"linkbox-link\" target=\"_blank\" rel=\"noopener noreferrer\">combinaci\u00f3n de correspondencia desde Word<\/a>.\n<\/p>\n\n<p><strong>MailMergic GmbH<br\/><\/strong>Mergenthalerallee 73-75<br\/>65760 Eschborn<br\/>Alemania<br\/><br\/>https:\/\/mailmergic.com<\/p>\n\n<p><em>Registro mercantil: HRB 138816<\/em><br\/><em>Tribunal de registro: Amtsgericht Frankfurt am Main<\/em><br\/><em>N\u00famero de identificaci\u00f3n a efectos del IVA seg\u00fan el art\u00edculo 27a de la Ley del IVA (UStG)<\/em>:<em> DE455266403<\/em><\/p>\n\n<p><em><strong>Representante autorizado:<\/strong><\/em><br\/><em>Lennart Guth<\/em><\/p>\n\n<p><strong>Contacto:<\/strong><br\/>Tel\u00e9fono: +49 (0) 176 &#8211; 434 787 47 (<strong>No se admiten solicitudes de soporte<\/strong>; p\u00f3ngase en contacto con nuestro equipo de soporte <a href=\"javascript:void(Beacon('toggle'))\">aqu\u00ed<\/a>)<br\/>Correo electr\u00f3nico: <a href=\"mailto:lennart@mailmergic.com\">lennart@mailmergic.com<\/a><\/p>\n\n<p><strong>Plataforma de la Comisi\u00f3n Europea sobre resoluci\u00f3n de litigios en l\u00ednea: <\/strong><a href=\"https:\/\/ec.europa.eu\/consumers\/odr\" target=\"_blank\" rel=\"noreferrer noopener nofollow\">https:\/\/ec.europa.eu\/consumers\/odr<\/a><\/p>\n\n<p><strong>Responsable del contenido seg\u00fan el art\u00edculo 18, apartado 2, de la Ley de Tratados de Medios de Comunicaci\u00f3n (MStV): <\/strong><br\/>Lennart Guth (direcci\u00f3n y datos de contacto, v\u00e9ase m\u00e1s arriba)<\/p>\n<h4 class=\"wp-block-heading\" id=\"%25c2%25a0\">\u00a0<\/h4><h2 class=\"wp-block-heading\" id=\"descargo-de-responsabilidad\">Descargo de responsabilidad:<\/h2>\n<p><strong>Responsabilidad por los contenidos<\/strong><\/p>\n\n<p>El contenido de nuestras p\u00e1ginas se ha creado con sumo cuidado. Sin embargo, no podemos garantizar la exactitud, integridad y actualidad de los contenidos. Como proveedor de servicios, somos responsables con arreglo al art\u00edculo 7 Abs.1 TMG para contenidos propios en estos lados de acuerdo con las leyes generales. Sin embargo, seg\u00fan los art\u00edculos 8 a 10 de la TMG, como proveedores de servicios no estamos obligados a supervisar la informaci\u00f3n externa transmitida o almacenada ni a investigar circunstancias que indiquen una actividad ilegal. Las obligaciones de eliminar o bloquear el uso de informaci\u00f3n en virtud de la legislaci\u00f3n general no se ver\u00e1n afectadas. Sin embargo, la responsabilidad a este respecto s\u00f3lo es posible a partir del momento en que se tiene conocimiento de una infracci\u00f3n concreta. Tras la notificaci\u00f3n de tales infracciones, eliminaremos este contenido inmediatamente.<\/p>\n\n<p><strong>  Responsabilidad de los enlaces  <\/strong><\/p>\n\n<p>Nuestra oferta contiene enlaces a sitios web externos de terceros sobre cuyos contenidos no tenemos ninguna influencia. Por lo tanto, no podemos asumir ninguna responsabilidad por estos contenidos externos. El contenido de las p\u00e1ginas enlazadas es siempre responsabilidad del respectivo proveedor u operador de las p\u00e1ginas. En el momento de establecer el enlace, se comprob\u00f3 que las p\u00e1ginas enlazadas no infringieran la ley. El contenido ilegal no era reconocible en el momento del enlace. Sin embargo, un control permanente del contenido de las p\u00e1ginas enlazadas no es razonable sin pruebas concretas de una violaci\u00f3n de la ley. Tras la notificaci\u00f3n de violaciones, eliminaremos dichos enlaces inmediatamente. <\/p>\n\n<p><strong>  Copyright  <\/strong><\/p>\n\n<p>El contenido y las obras de estas p\u00e1ginas creadas por los operadores del sitio est\u00e1n sujetos a la legislaci\u00f3n europea sobre derechos de autor. La duplicaci\u00f3n, el tratamiento, la distribuci\u00f3n y cualquier tipo de explotaci\u00f3n fuera de los l\u00edmites de los derechos de autor requieren el consentimiento por escrito del respectivo autor o creador. Las descargas y copias de este sitio son exclusivamente para uso privado y no comercial. En la medida en que los contenidos de este lado no hayan sido creados por el operador, se tienen en cuenta los derechos de autor de terceros. En particular, los contenidos de terceros est\u00e1n marcados como tales. Si a\u00fan as\u00ed tuviera conocimiento de una infracci\u00f3n de los derechos de autor, le rogamos que nos lo comunique. Tras la notificaci\u00f3n de infracciones, eliminaremos dicho contenido inmediatamente.<\/p>\n\n<p><strong>Privacidad<\/strong><\/p>\n\n<p>Por lo general, es posible utilizar nuestro sitio web sin necesidad de facilitar datos personales. En cuanto a nuestros datos personales (por ejemplo, nombre, direcci\u00f3n o direcciones de correo electr\u00f3nico) se plantean, esto se lleva a cabo, en la medida de lo posible, siempre en base freiwilliger. Estos datos no se revelar\u00e1n a terceros sin su consentimiento expl\u00edcito.<br\/>Tenga en cuenta que la transmisi\u00f3n de datos a trav\u00e9s de Internet (por ejemplo, al comunicarse por correo electr\u00f3nico) puede tener vulnerabilidades de seguridad. No es posible una protecci\u00f3n completa de los datos contra el acceso por parte de terceros.<br\/>Se excluye expresamente el uso de la informaci\u00f3n de contacto publicada por terceros con el fin de enviar publicidad no solicitada y material informativo.  Los operadores de las p\u00e1ginas se reservan expresamente el derecho a emprender acciones legales en caso de informaci\u00f3n promocional no solicitada, como correos electr\u00f3nicos basura.<\/p>\n\n<p><strong>  Google Analytics  <\/strong><\/p>\n\n<p>Este sitio web utiliza Google Analytics, un servicio anal\u00edtico de web prestado por Google Inc. (\u00bb Google \u00bb). Google Analytics utiliza las denominadas \u00abcookies\u00bb, archivos de texto que se almacenan en su ordenador y que permiten analizar el uso que usted hace del sitio web. La informaci\u00f3n que genera la cookie acerca de su uso de este website (incluyendo su direcci\u00f3n IP) ser\u00e1 directamente transmitida y archivada por Google en los servidores de Estados Unidos. Google utilizar\u00e1 esta informaci\u00f3n para evaluar su uso del sitio web, recopilar informes sobre la actividad del sitio web para operadores de sitios web y prestar otros servicios relacionados con la actividad del sitio web y el uso de Internet. Google podr\u00e1 transmitir dicha informaci\u00f3n a terceros cuando as\u00ed se lo requiera la legislaci\u00f3n, o en la medida en que dichos terceros procesen la informaci\u00f3n por cuenta de Google. Google no asociar\u00e1 en ning\u00fan caso su direcci\u00f3n IP con otros datos de Google. Puede impedir la instalaci\u00f3n de cookies configurando su navegador en consecuencia; no obstante, tenga en cuenta que si lo hace es posible que no pueda utilizar todas las funciones de este sitio web. Al utilizar este sitio, usted consiente el tratamiento de informaci\u00f3n acerca de usted por Google en la forma y para los fines arriba indicados.<\/p>\n\n<p><strong>  Anuncios Google<\/strong><\/p>\n\n<p>Este sitio web utiliza Google Ads, un servicio de publicidad web de Google Inc., EE.UU. (\u00bb Google \u00bb). Google Ads utiliza las denominadas \u00bb cookies \u00bb (archivos de texto) que se almacenan en su ordenador y que permiten analizar el uso que usted hace del sitio web. Google Ads tambi\u00e9n utiliza los llamados \u00abWeb Beacons\u00bb (peque\u00f1os gr\u00e1ficos invisibles) para recopilar informaci\u00f3n. Mediante el uso de la baliza web, se pueden registrar y recopilar acciones sencillas como el tr\u00e1fico de visitantes en el sitio web. La informaci\u00f3n que genera la cookie y\/o web beacon acerca de su uso de este website (incluyendo su direcci\u00f3n IP) ser\u00e1 directamente transmitida y archivada por Google en los servidores de Estados Unidos. Google utilizar\u00e1 esta informaci\u00f3n para evaluar su uso del sitio web en t\u00e9rminos de publicidad, para recopilar informes sobre la actividad del sitio web y los anuncios para los operadores del sitio web, y para prestar otros servicios relacionados con la actividad del sitio web y el uso de Internet. Google podr\u00e1 transmitir dicha informaci\u00f3n a terceros cuando as\u00ed se lo requiera la legislaci\u00f3n, o en la medida en que dichos terceros procesen la informaci\u00f3n por cuenta de Google. Google no asociar\u00e1 en ning\u00fan caso su direcci\u00f3n IP con otros datos de Google. Puede evitar el almacenamiento de cookies en su disco duro y la visualizaci\u00f3n de balizas web seleccionando \u00abNo aceptar cookies\u00bb en la configuraci\u00f3n de su navegador (en MS Internet Explorer en \u00bb Herramientas&gt; Opciones de Internet&gt; Privacidad&gt; Configuraci\u00f3n \u00bb en Firefox en \u00bb Herramientas&gt; Configuraci\u00f3n&gt; Privacidad&gt; Cookies \u00bb); Sin embargo, tenga en cuenta que si lo hace es posible que no pueda utilizar todas las funciones de este sitio web. Al utilizar este website Usted consiente el tratamiento de informaci\u00f3n acerca de Usted por Google en la forma y para los fines arriba indicados.<\/p>\n\n<p>Pie de imprenta creado por <a href=\"https:\/\/www.impressum-generator.de\" target=\"_blank\" data-type=\"link\" data-id=\"https:\/\/www.impressum-generator.de\" rel=\"noreferrer noopener\">impressum-generator.de<\/a> de <a href=\"https:\/\/www.kanzlei-hasselbach.de\" target=\"_blank\" data-type=\"link\" data-id=\"https:\/\/www.kanzlei-hasselbach.de\" rel=\"noreferrer noopener\">Kanzlei Hasselbach<\/a><\/p>\n\n<p><\/p>\n<div class=\"clearfix\"><\/div>","protected":false},"excerpt":{"rendered":"<p>Seg\u00fan el art\u00edculo 5 de la TMG<\/p>\n","protected":false},"author":1,"featured_media":0,"parent":0,"menu_order":0,"comment_status":"closed","ping_status":"closed","template":"","meta":{"_angie_page":false,"footnotes":""},"class_list":["post-18528","page","type-page","status-publish","hentry"],"_links":{"self":[{"href":"https:\/\/mailmergic.com\/es\/wp-json\/wp\/v2\/pages\/18528","targetHints":{"allow":["GET"]}}],"collection":[{"href":"https:\/\/mailmergic.com\/es\/wp-json\/wp\/v2\/pages"}],"about":[{"href":"https:\/\/mailmergic.com\/es\/wp-json\/wp\/v2\/types\/page"}],"author":[{"embeddable":true,"href":"https:\/\/mailmergic.com\/es\/wp-json\/wp\/v2\/users\/1"}],"replies":[{"embeddable":true,"href":"https:\/\/mailmergic.com\/es\/wp-json\/wp\/v2\/comments?post=18528"}],"version-history":[{"count":6,"href":"https:\/\/mailmergic.com\/es\/wp-json\/wp\/v2\/pages\/18528\/revisions"}],"predecessor-version":[{"id":38596,"href":"https:\/\/mailmergic.com\/es\/wp-json\/wp\/v2\/pages\/18528\/revisions\/38596"}],"wp:attachment":[{"href":"https:\/\/mailmergic.com\/es\/wp-json\/wp\/v2\/media?parent=18528"}],"curies":[{"name":"wp","href":"https:\/\/api.w.org\/{rel}","templated":true}]}}