{"id":37430,"date":"2026-01-16T13:28:02","date_gmt":"2026-01-16T12:28:02","guid":{"rendered":"https:\/\/mailmergic.com\/kundenreferenzen\/austin-premier-realty\/"},"modified":"2026-01-16T13:39:33","modified_gmt":"2026-01-16T12:39:33","slug":"austin-premier-realty","status":"publish","type":"page","link":"https:\/\/mailmergic.com\/de\/kundenreferenzen\/austin-premier-realty\/","title":{"rendered":"Austin Premier Realty"},"content":{"rendered":"\n<p>Sarah Martinez und ihr Team von Austin Premier Realty nutzen die automatisierte Dokumentenerstellung, um ihr Maklergesch\u00e4ft zu skalieren, ohne die Mitarbeiterzahl zu erh\u00f6hen. In einem Markt mit hohem Volumen, in dem leistungsstarke Teams eine Steigerung des Transaktionsvolumens um \u00fcber 400 % verzeichnet haben, ist die Backend-Administration (Auflistungsvereinbarungen, Offenlegungen und Kaufvertr\u00e4ge) oft der gr\u00f6\u00dfte Engpass. Durch die direkte Verbindung ihrer Transaktionsdaten in Excel mit offiziellen PDF-Vorlagen generiert Sarahs Team nun komplexe Dokumentenpakete in Sekundenschnelle statt in Stunden. Das System erfordert keine Programmierung oder IT-Unterst\u00fctzung, sodass sich die Agenten auf hochwertige Kundenberatung und Verhandlungen konzentrieren k\u00f6nnen, anstatt auf die manuelle Dateneingabe.   <\/p>\n\n<figure class=\"wp-block-image size-large\"><img fetchpriority=\"high\" decoding=\"async\" width=\"683\" height=\"1024\" src=\"https:\/\/mailmergic.com\/wp-content\/uploads\/2026\/01\/austin-premier-realtor-1-683x1024.png\" alt=\"\" class=\"wp-image-37397\" title=\"\" srcset=\"https:\/\/mailmergic.com\/wp-content\/uploads\/2026\/01\/austin-premier-realtor-1-683x1024.png 683w, https:\/\/mailmergic.com\/wp-content\/uploads\/2026\/01\/austin-premier-realtor-1-200x300.png 200w, https:\/\/mailmergic.com\/wp-content\/uploads\/2026\/01\/austin-premier-realtor-1-768x1152.png 768w, https:\/\/mailmergic.com\/wp-content\/uploads\/2026\/01\/austin-premier-realtor-1.png 1024w\" sizes=\"(max-width: 683px) 100vw, 683px\" \/><figcaption class=\"wp-element-caption\">Sarah Martinez, leitende Maklerin bei Austin Premier Realty<\/figcaption><\/figure>\n<h2 class=\"wp-block-heading\" id=\"die-herausforderung\">Die Herausforderung<\/h2>\n<p>Austin Premier Realty stand vor einer \u201emanuellen Papierarbeitsgrenze\u201c. Sarah und ihr Team verloren ungef\u00e4hr 22 Stunden pro Woche durch administrative Aufgaben, die nicht direkt Einnahmen generierten. Der traditionelle Prozess umfasste das manuelle Kopieren von Immobiliendetails aus dem MLS und das Eintippen von Kundeninformationen aus ihrem CRM in verschiedene Formulare. Dieser fragmentierte Workflow war nicht nur ein zeitlicher Aufwand, sondern barg auch erhebliche finanzielle und rechtliche Risiken. Ein einzelnes falsch platziertes Datum oder eine fehlende Offenlegung bei einer Wohntransaktion kann einen Abschluss zum Scheitern bringen oder zum Verfall von Anzahlungen f\u00fchren. Das Team ben\u00f6tigte eine L\u00f6sung, die eine 100-prozentige Datenkonsistenz \u00fcber jedes Dokument in einer Transaktionsdatei hinweg gew\u00e4hrleistete, ohne die \u201eM\u00fche\u201c des wiederholten Tippens.     <\/p>\n\n<figure class=\"wp-block-image size-full\"><img decoding=\"async\" width=\"1024\" height=\"683\" src=\"https:\/\/mailmergic.com\/wp-content\/uploads\/2026\/01\/austin-premier-realtor-2-1.png\" alt=\"\" class=\"wp-image-37415\" title=\"\" srcset=\"https:\/\/mailmergic.com\/wp-content\/uploads\/2026\/01\/austin-premier-realtor-2-1.png 1024w, https:\/\/mailmergic.com\/wp-content\/uploads\/2026\/01\/austin-premier-realtor-2-1-300x200.png 300w, https:\/\/mailmergic.com\/wp-content\/uploads\/2026\/01\/austin-premier-realtor-2-1-768x512.png 768w\" sizes=\"(max-width: 1024px) 100vw, 1024px\" \/><figcaption class=\"wp-element-caption\">Hinter den Kulissen des B\u00fcros von Austin Premier Realty<\/figcaption><\/figure>\n<h2 class=\"wp-block-heading\" id=\"die-loesung\">Die L\u00f6sung<\/h2>\n<p>Sarah implementierte ein einheitliches Automatisierungs-Framework, das statische Vertr\u00e4ge in dynamische Assets verwandelte.<sup><\/sup>  Das Team richtete den Prozess in vier optimierten Schritten ein:  <\/p>\n\n<ol start=\"1\" class=\"wp-block-list\">\n<li><strong>Vorlagen vorbereiten:<\/strong> Sie erstellten eine Bibliothek mit \u201esofort einsatzbereiten\u201c PDF-Vorlagen f\u00fcr Auflistungsvereinbarungen, K\u00e4ufervertretungsvertr\u00e4ge und staatlich vorgeschriebene Offenlegungen mit interaktiven Feldern.<\/li>\n\n\n\n<li><strong>Daten zentralisieren:<\/strong> Die Agenten f\u00fchren f\u00fcr jede Transaktion eine einzige Excel-Arbeitsmappe, die als \u201eQuelle der Wahrheit\u201c f\u00fcr Kundennamen, rechtliche Beschreibungen und wichtige Daten dient.<\/li>\n\n\n\n<li><strong>Sofort zusammenf\u00fchren:<\/strong> Mit einem Klick werden Daten aus Excel abgerufen, um das gesamte Dokumentenpaket zu f\u00fcllen. Die integrierte Validierung des Systems kennzeichnet automatisch Nicht\u00fcbereinstimmungen oder fehlende Informationen, bevor die Dokumente fertiggestellt werden. <\/li>\n\n\n\n<li><strong>Ausf\u00fchren und verfolgen:<\/strong> Zusammengef\u00fchrte Dokumente werden automatisch zur elektronischen Signatur weitergeleitet, wobei das System Erinnerungen an die Beteiligten sendet, um sicherzustellen, dass keine Fristen vers\u00e4umt werden.<\/li>\n<\/ol>\n\n<figure class=\"wp-block-image size-large\"><img decoding=\"async\" width=\"1024\" height=\"683\" src=\"https:\/\/mailmergic.com\/wp-content\/uploads\/2026\/01\/austin-premier-realtor-3-1024x683.png\" alt=\"\" class=\"wp-image-37409\" title=\"\" srcset=\"https:\/\/mailmergic.com\/wp-content\/uploads\/2026\/01\/austin-premier-realtor-3-1024x683.png 1024w, https:\/\/mailmergic.com\/wp-content\/uploads\/2026\/01\/austin-premier-realtor-3-300x200.png 300w, https:\/\/mailmergic.com\/wp-content\/uploads\/2026\/01\/austin-premier-realtor-3-768x512.png 768w, https:\/\/mailmergic.com\/wp-content\/uploads\/2026\/01\/austin-premier-realtor-3.png 1536w\" sizes=\"(max-width: 1024px) 100vw, 1024px\" \/><figcaption class=\"wp-element-caption\">Pr\u00e4zision bei jedem Klick<\/figcaption><\/figure>\n<h2 class=\"wp-block-heading\" id=\"ergebnisse-und-vorteile\">Ergebnisse und Vorteile<\/h2>\n<p>Seit der Einf\u00fchrung dieses automatisierten Ansatzes hat Austin Premier Realty seine betriebliche Effizienz transformiert:<\/p>\n\n<ul class=\"wp-block-list\">\n<li><strong>Massive Zeiteinsparungen:<\/strong> Die Zeit f\u00fcr die Dokumentenerstellung wurde um \u00fcber 90 % reduziert. Das Erstellen eines komplexen Vertragspakets, das fr\u00fcher 4 bis 8 Stunden dauerte, ist jetzt in etwa 90 Sekunden abgeschlossen. <\/li>\n\n\n\n<li><strong>Wiedergewonnene Wachstumskapazit\u00e4t:<\/strong> Jedes Teammitglied gewinnt 15 bis 20 Stunden pro Woche zur\u00fcck. Sarah konnte ihr Transaktionsvolumen um 40 % steigern, ohne zus\u00e4tzliches Verwaltungspersonal einzustellen. <\/li>\n\n\n\n<li><strong>Sinkende Fehlerraten:<\/strong> Durch die Eliminierung der manuellen Transkription verzeichnete das Unternehmen eine Reduzierung der Dokumentenfehler um 85 %. Die Konsistenz \u00fcber jedes Formular hinweg sch\u00fctzt das Maklergesch\u00e4ft vor Compliance-L\u00fccken und rechtlichen Haftungen. <\/li>\n\n\n\n<li><strong>Verbesserte Kundenerfahrung:<\/strong> Kunden berichten, dass sie sich bei der Verwendung digitaler Abschlussprozesse st\u00e4rker und effizienter f\u00fchlen, was zu einer Verbesserung der Kundenzufriedenheitswerte des Unternehmens um 50 % f\u00fchrt.<\/li>\n<\/ul>\n\n<blockquote class=\"wp-block-quote is-layout-flow wp-block-quote-is-layout-flow\">\n<p>\u201eDiese L\u00f6sung hat eine wochenlange Aufgabe in etwas verwandelt, das wir bis zum Mittagessen erledigen\u201c, sagt <strong>Sarah Martinez, leitende Maklerin bei Austin Premier Realty<\/strong>.<\/p>\n\n\n\n<p>\u201eWir gewinnen \u00fcber 20 Stunden pro Woche zur\u00fcck und steigern gleichzeitig unsere Produktion um 40 %. Ich kann mir nicht vorstellen, zum alten manuellen Vorgehen zur\u00fcckzukehren.\u201c \u2014 <strong>Sarah Martinez<\/strong><\/p>\n<\/blockquote>\n<h2 class=\"wp-block-heading\" id=\"schlussfolgerung\">Schlussfolgerung<\/h2>\n<p>Die Automatisierung hat die administrativen Reibungsverluste bei Austin Premier Realty effektiv beseitigt. Durch die Beseitigung der Notwendigkeit der manuellen Dateneingabe hat sich das Team von der \u201eDrehung der R\u00e4der\u201c bei der Papierarbeit abgewandt und sich wieder seiner Kernaufgabe zugewandt: der Bereitstellung von Expertenmarktanalysen und umfassender Unterst\u00fctzung f\u00fcr seine Kunden. Diese Fallstudie beweist, dass Immobilienfachleute, wenn sie Automatisierungstools mit \u201eNull-Lernkurve\u201c nutzen, nicht nur schneller arbeiten. Sie schaffen ein skalierbares, professionelles und pr\u00fcfbereites Unternehmen, das sich in einem \u00fcberf\u00fcllten Markt abhebt.   <\/p>\n\n<p><\/p>\n<div class=\"clearfix\"><\/div>","protected":false},"excerpt":{"rendered":"<p>Sarah Martinez und ihr Team von Austin Premier Realty nutzen die automatisierte Dokumentenerstellung, um ihr&#8230;<\/p>\n","protected":false},"author":1,"featured_media":0,"parent":32906,"menu_order":0,"comment_status":"closed","ping_status":"closed","template":"","meta":{"_angie_page":false,"footnotes":""},"class_list":["post-37430","page","type-page","status-publish","hentry"],"_links":{"self":[{"href":"https:\/\/mailmergic.com\/de\/wp-json\/wp\/v2\/pages\/37430","targetHints":{"allow":["GET"]}}],"collection":[{"href":"https:\/\/mailmergic.com\/de\/wp-json\/wp\/v2\/pages"}],"about":[{"href":"https:\/\/mailmergic.com\/de\/wp-json\/wp\/v2\/types\/page"}],"author":[{"embeddable":true,"href":"https:\/\/mailmergic.com\/de\/wp-json\/wp\/v2\/users\/1"}],"replies":[{"embeddable":true,"href":"https:\/\/mailmergic.com\/de\/wp-json\/wp\/v2\/comments?post=37430"}],"version-history":[{"count":2,"href":"https:\/\/mailmergic.com\/de\/wp-json\/wp\/v2\/pages\/37430\/revisions"}],"predecessor-version":[{"id":37464,"href":"https:\/\/mailmergic.com\/de\/wp-json\/wp\/v2\/pages\/37430\/revisions\/37464"}],"up":[{"embeddable":true,"href":"https:\/\/mailmergic.com\/de\/wp-json\/wp\/v2\/pages\/32906"}],"wp:attachment":[{"href":"https:\/\/mailmergic.com\/de\/wp-json\/wp\/v2\/media?parent=37430"}],"curies":[{"name":"wp","href":"https:\/\/api.w.org\/{rel}","templated":true}]}}