{"id":35617,"date":"2025-11-16T22:17:35","date_gmt":"2025-11-16T21:17:35","guid":{"rendered":"https:\/\/mailmergic.com\/offline\/"},"modified":"2026-03-01T11:02:52","modified_gmt":"2026-03-01T10:02:52","slug":"offline","status":"publish","type":"page","link":"https:\/\/mailmergic.com\/de\/offline\/","title":{"rendered":"Offline Download"},"content":{"rendered":"\t\t<div data-elementor-type=\"wp-post\" data-elementor-id=\"35617\" class=\"elementor elementor-35617 elementor-10245\">\n\t\t\t\t\t\t<section class=\"elementor-section elementor-top-section elementor-element elementor-element-2b2d6c7 elementor-section-content-middle elementor-section-boxed elementor-section-height-default elementor-section-height-default wpr-particle-no wpr-jarallax-no wpr-parallax-no wpr-sticky-section-no\" data-id=\"2b2d6c7\" data-element_type=\"section\" data-e-type=\"section\" data-settings=\"{&quot;background_background&quot;:&quot;classic&quot;}\">\n\t\t\t\t\t\t<div class=\"elementor-container elementor-column-gap-no\">\n\t\t\t\t\t<div class=\"elementor-column elementor-col-25 elementor-top-column elementor-element elementor-element-b08af7f\" data-id=\"b08af7f\" data-element_type=\"column\" data-e-type=\"column\">\n\t\t\t<div class=\"elementor-widget-wrap\">\n\t\t\t\t\t\t\t<\/div>\n\t\t<\/div>\n\t\t\t\t<div class=\"elementor-column elementor-col-25 elementor-top-column elementor-element elementor-element-c3b3941 border-bottom remove-border-bottom-xs\" data-id=\"c3b3941\" data-element_type=\"column\" data-e-type=\"column\">\n\t\t\t<div class=\"elementor-widget-wrap elementor-element-populated\">\n\t\t\t\t\t\t<div class=\"elementor-element elementor-element-ef8cc60 elementor-widget elementor-widget-text-editor\" data-id=\"ef8cc60\" data-element_type=\"widget\" data-e-type=\"widget\" data-widget_type=\"text-editor.default\">\n\t\t\t\t<div class=\"elementor-widget-container\">\n\t\t\t\t\t\t\t\t\t<h1 class=\"display-4 text-white\">Sicheres Arbeiten im Offline-Modus<\/h1>\n<p class=\"lead text-white\">100 % offline mit garantierter Datensicherheit. HIPAA-, PCI- und DSGVO-konform. <\/p>\n\n<div class=\"d-flex flex-wrap mt-3\">\n\n<a class=\"btn btn-primary btn-lg\" style=\"margin: 10px 10px 10px 0; padding: 8px 18px; font-size: 1.2rem;\" href=\"https:\/\/mailmergic.com\/download\/macos-arm64\">\n<i class=\"fab fa-apple\" style=\"margin-right: 15px;\"><\/i>\nmacOS (M-series)\n<\/a>\n\n<a class=\"btn btn-primary btn-lg\" style=\"margin: 10px 10px 10px 0; padding: 8px 18px; font-size: 1.2rem;\" href=\"https:\/\/mailmergic.com\/download\/macos-x64\">\n<i class=\"fab fa-apple\" style=\"margin-right: 15px;\"><\/i>\nmacOS (Intel)\n<\/a>\n<div class=\"w-100\"><\/div>\n<a class=\"btn btn-primary btn-lg\" style=\"margin: 10px 10px 10px 0; padding: 8px 18px; font-size: 1.2rem;\" href=\"https:\/\/storage.googleapis.com\/offline.mailmergic.com\/desktop\/win32\/x64\/MailMergic-Offline-Setup.exe\">\n<i class=\"fab fa-windows\" style=\"margin-right: 15px;\"><\/i>\nWindows\n<\/a>\n\n<\/div>\n<div class=\"lead mt-4\" style=\"font-size: 14px; font-weight: 500; color: #ffffff;\">Durch das Herunterladen stimmen Sie unseren <a href=\"https:\/\/mailmergic.com\/de\/agb\/\" style=\"color: #E78F55\">Allgemeinen Gesch\u00e4ftsbedingungen<\/a> zu.<\/div>\t\t\t\t\t\t\t\t<\/div>\n\t\t\t\t<\/div>\n\t\t\t\t<div class=\"elementor-element elementor-element-66e0ec9 elementor-widget elementor-widget-spacer\" data-id=\"66e0ec9\" data-element_type=\"widget\" data-e-type=\"widget\" data-widget_type=\"spacer.default\">\n\t\t\t\t<div class=\"elementor-widget-container\">\n\t\t\t\t\t\t\t<div class=\"elementor-spacer\">\n\t\t\t<div class=\"elementor-spacer-inner\"><\/div>\n\t\t<\/div>\n\t\t\t\t\t\t<\/div>\n\t\t\t\t<\/div>\n\t\t\t\t\t<\/div>\n\t\t<\/div>\n\t\t\t\t<div class=\"elementor-column elementor-col-25 elementor-top-column elementor-element elementor-element-c41a07d border-bottom remove-border-bottom-xs\" data-id=\"c41a07d\" data-element_type=\"column\" data-e-type=\"column\">\n\t\t\t<div class=\"elementor-widget-wrap\">\n\t\t\t\t\t\t\t<\/div>\n\t\t<\/div>\n\t\t\t\t<div class=\"elementor-column elementor-col-25 elementor-top-column elementor-element elementor-element-3a77d42 border-bottom\" data-id=\"3a77d42\" data-element_type=\"column\" data-e-type=\"column\">\n\t\t\t<div class=\"elementor-widget-wrap elementor-element-populated\">\n\t\t\t\t\t\t<div class=\"elementor-element elementor-element-57d8e75 elementor-hidden-desktop elementor-hidden-tablet elementor-widget elementor-widget-spacer\" data-id=\"57d8e75\" data-element_type=\"widget\" data-e-type=\"widget\" data-widget_type=\"spacer.default\">\n\t\t\t\t<div class=\"elementor-widget-container\">\n\t\t\t\t\t\t\t<div class=\"elementor-spacer\">\n\t\t\t<div class=\"elementor-spacer-inner\"><\/div>\n\t\t<\/div>\n\t\t\t\t\t\t<\/div>\n\t\t\t\t<\/div>\n\t\t\t\t<div class=\"elementor-element elementor-element-55cdfe7 max-w-66 elementor-widget elementor-widget-image\" data-id=\"55cdfe7\" data-element_type=\"widget\" data-e-type=\"widget\" data-widget_type=\"image.default\">\n\t\t\t\t<div class=\"elementor-widget-container\">\n\t\t\t\t\t\t\t\t\t\t\t\t\t\t\t<img fetchpriority=\"high\" decoding=\"async\" width=\"1268\" height=\"814\" src=\"https:\/\/mailmergic.com\/wp-content\/uploads\/2026\/03\/offline-app-1.webp\" class=\"attachment-full size-full wp-image-38823\" alt=\"\" srcset=\"https:\/\/mailmergic.com\/wp-content\/uploads\/2026\/03\/offline-app-1.webp 1268w, https:\/\/mailmergic.com\/wp-content\/uploads\/2026\/03\/offline-app-1-300x193.webp 300w, https:\/\/mailmergic.com\/wp-content\/uploads\/2026\/03\/offline-app-1-1024x657.webp 1024w, https:\/\/mailmergic.com\/wp-content\/uploads\/2026\/03\/offline-app-1-768x493.webp 768w, https:\/\/mailmergic.com\/wp-content\/uploads\/2026\/03\/offline-app-1-360x230.webp 360w\" sizes=\"(max-width: 1268px) 100vw, 1268px\" title=\"\">\t\t\t\t\t\t\t\t\t\t\t\t\t\t\t<\/div>\n\t\t\t\t<\/div>\n\t\t\t\t<div class=\"elementor-element elementor-element-f7bf253 elementor-widget elementor-widget-spacer\" data-id=\"f7bf253\" data-element_type=\"widget\" data-e-type=\"widget\" data-widget_type=\"spacer.default\">\n\t\t\t\t<div class=\"elementor-widget-container\">\n\t\t\t\t\t\t\t<div class=\"elementor-spacer\">\n\t\t\t<div class=\"elementor-spacer-inner\"><\/div>\n\t\t<\/div>\n\t\t\t\t\t\t<\/div>\n\t\t\t\t<\/div>\n\t\t\t\t\t<\/div>\n\t\t<\/div>\n\t\t\t\t\t<\/div>\n\t\t<\/section>\n\t\t\t\t<section class=\"elementor-section elementor-top-section elementor-element elementor-element-b005436 elementor-section-boxed elementor-section-height-default elementor-section-height-default wpr-particle-no wpr-jarallax-no wpr-parallax-no wpr-sticky-section-no\" data-id=\"b005436\" data-element_type=\"section\" data-e-type=\"section\" data-settings=\"{&quot;background_background&quot;:&quot;classic&quot;}\">\n\t\t\t\t\t\t<div class=\"elementor-container elementor-column-gap-default\">\n\t\t\t\t\t<div class=\"elementor-column elementor-col-100 elementor-top-column elementor-element elementor-element-4497dae\" data-id=\"4497dae\" data-element_type=\"column\" data-e-type=\"column\">\n\t\t\t<div class=\"elementor-widget-wrap elementor-element-populated\">\n\t\t\t\t\t\t<div class=\"elementor-element elementor-element-83b636a elementor-widget elementor-widget-spacer\" data-id=\"83b636a\" data-element_type=\"widget\" data-e-type=\"widget\" data-widget_type=\"spacer.default\">\n\t\t\t\t<div class=\"elementor-widget-container\">\n\t\t\t\t\t\t\t<div class=\"elementor-spacer\">\n\t\t\t<div class=\"elementor-spacer-inner\"><\/div>\n\t\t<\/div>\n\t\t\t\t\t\t<\/div>\n\t\t\t\t<\/div>\n\t\t\t\t<div class=\"elementor-element elementor-element-ad7e5eb elementor-widget elementor-widget-text-editor\" data-id=\"ad7e5eb\" data-element_type=\"widget\" data-e-type=\"widget\" data-widget_type=\"text-editor.default\">\n\t\t\t\t<div class=\"elementor-widget-container\">\n\t\t\t\t\t\t\t\t\t<h2 class=\"h1\">Der Offline-Vorteil<\/h2>\t\t\t\t\t\t\t\t<\/div>\n\t\t\t\t<\/div>\n\t\t\t\t\t<\/div>\n\t\t<\/div>\n\t\t\t\t\t<\/div>\n\t\t<\/section>\n\t\t\t\t<section class=\"elementor-section elementor-top-section elementor-element elementor-element-df2f660 elementor-section-boxed elementor-section-height-default elementor-section-height-default wpr-particle-no wpr-jarallax-no wpr-parallax-no wpr-sticky-section-no\" data-id=\"df2f660\" data-element_type=\"section\" data-e-type=\"section\">\n\t\t\t\t\t\t<div class=\"elementor-container elementor-column-gap-default\">\n\t\t\t\t\t<div class=\"elementor-column elementor-col-33 elementor-top-column elementor-element elementor-element-7690978\" data-id=\"7690978\" data-element_type=\"column\" data-e-type=\"column\">\n\t\t\t<div class=\"elementor-widget-wrap elementor-element-populated\">\n\t\t\t\t\t\t<div class=\"elementor-element elementor-element-4af4b1c animated-fast elementor-invisible elementor-widget elementor-widget-tommusrhodus-card-block\" data-id=\"4af4b1c\" data-element_type=\"widget\" data-e-type=\"widget\" data-settings=\"{&quot;_animation&quot;:&quot;fadeInUp&quot;,&quot;_animation_delay&quot;:100}\" data-widget_type=\"tommusrhodus-card-block.default\">\n\t\t\t\t<div class=\"elementor-widget-container\">\n\t\t\t\t\t\n\t\t\t\t\t<div class=\"card card-icon-3 card-body justify-content-between\">\n\t\t\t\t\t\t<div class=\"icon-round mb-3 mb-md-4 bg-primary\">\n\t\t\t\t\t\t\t<svg class=\"icon bg-primary\" width=\"24px\" height=\"24px\" viewBox=\"0 0 24 24\" version=\"1.1\" xmlns=\"http:\/\/www.w3.org\/2000\/svg\" xmlns:xlink=\"http:\/\/www.w3.org\/1999\/xlink\">\n                      <title>Download<\/title>\n                      <g stroke=\"none\" stroke-width=\"1\" fill=\"none\" fill-rule=\"evenodd\">\n                        <rect opacity=\"0\" x=\"0\" y=\"0\" width=\"24\" height=\"24\"><\/rect>\n                        <path d=\"M2,13 C2,12.5 2.5,12 3,12 C3.5,12 4,12.5 4,13 C4,13.3333333 4,15 4,18 C4,19.1045695 4.8954305,20 6,20 L18,20 C19.1045695,20 20,19.1045695 20,18 L20,13 C20,12.4477153 20.4477153,12 21,12 C21.5522847,12 22,12.4477153 22,13 L22,18 C22,20.209139 20.209139,22 18,22 L6,22 C3.790861,22 2,20.209139 2,18 C2,15 2,13.3333333 2,13 Z\" fill=\"#000000\" fill-rule=\"nonzero\" opacity=\"0.3\"><\/path>\n                        <rect fill=\"#000000\" opacity=\"0.3\" transform=\"translate(12.000000, 8.000000) rotate(-180.000000) translate(-12.000000, -8.000000) \" x=\"11\" y=\"1\" width=\"2\" height=\"14\" rx=\"1\"><\/rect>\n                        <path d=\"M7.70710678,15.7071068 C7.31658249,16.0976311 6.68341751,16.0976311 6.29289322,15.7071068 C5.90236893,15.3165825 5.90236893,14.6834175 6.29289322,14.2928932 L11.2928932,9.29289322 C11.6689749,8.91681153 12.2736364,8.90091039 12.6689647,9.25670585 L17.6689647,13.7567059 C18.0794748,14.1261649 18.1127532,14.7584547 17.7432941,15.1689647 C17.3738351,15.5794748 16.7415453,15.6127532 16.3310353,15.2432941 L12.0362375,11.3779761 L7.70710678,15.7071068 Z\" fill=\"#000000\" fill-rule=\"nonzero\" transform=\"translate(12.000004, 12.499999) rotate(-180.000000) translate(-12.000004, -12.499999) \"><\/path>\n                      <\/g>\n                    <\/svg>\n\t\t\t\t\t \t<\/div>\n\t\t\t\t\t\t<span class=\"badge badge-primary\"><\/span>\n\t\t\t\t\t\t<div>\n\t\t\t\t\t\t\t<h3>Offline-Zugriff<\/h3>\n\t\t\t\t\t\t\t<p>MailMergic Offline speichert Ihre Dokumente sicher auf Ihrem Ger\u00e4t und sch\u00fctzt so Ihre Privatsph\u00e4re.<\/p>\n\t\t\t\t\t\t<\/div>\n\t\t\t\t\t<\/div>\n\t\t\t\t\t\t\t\t<\/div>\n\t\t\t\t<\/div>\n\t\t\t\t\t<\/div>\n\t\t<\/div>\n\t\t\t\t<div class=\"elementor-column elementor-col-33 elementor-top-column elementor-element elementor-element-c83939e\" data-id=\"c83939e\" data-element_type=\"column\" data-e-type=\"column\">\n\t\t\t<div class=\"elementor-widget-wrap elementor-element-populated\">\n\t\t\t\t\t\t<div class=\"elementor-element elementor-element-7f68a5f animated-fast elementor-invisible elementor-widget elementor-widget-tommusrhodus-card-block\" data-id=\"7f68a5f\" data-element_type=\"widget\" data-e-type=\"widget\" data-settings=\"{&quot;_animation&quot;:&quot;fadeInUp&quot;,&quot;_animation_delay&quot;:200}\" data-widget_type=\"tommusrhodus-card-block.default\">\n\t\t\t\t<div class=\"elementor-widget-container\">\n\t\t\t\t\t\n\t\t\t\t\t<div class=\"card card-icon-3 card-body justify-content-between\">\n\t\t\t\t\t\t<div class=\"icon-round mb-3 mb-md-4 bg-primary\">\n\t\t\t\t\t\t\t<svg class=\"icon bg-primary\" width=\"24px\" height=\"24px\" viewBox=\"0 0 24 24\" version=\"1.1\" xmlns=\"http:\/\/www.w3.org\/2000\/svg\" xmlns:xlink=\"http:\/\/www.w3.org\/1999\/xlink\">\n                      <title>Folder-check<\/title>\n                      <g stroke=\"none\" stroke-width=\"1\" fill=\"none\" fill-rule=\"evenodd\">\n                        <rect opacity=\"0\" x=\"0\" y=\"0\" width=\"24\" height=\"24\"><\/rect>\n                        <path d=\"M3.5,21 L20.5,21 C21.3284271,21 22,20.3284271 22,19.5 L22,8.5 C22,7.67157288 21.3284271,7 20.5,7 L10,7 L7.43933983,4.43933983 C7.15803526,4.15803526 6.77650439,4 6.37867966,4 L3.5,4 C2.67157288,4 2,4.67157288 2,5.5 L2,19.5 C2,20.3284271 2.67157288,21 3.5,21 Z\" fill=\"#000000\" opacity=\"0.3\"><\/path>\n                        <path d=\"M10.875,16.75 C10.6354167,16.75 10.3958333,16.6541667 10.2041667,16.4625 L8.2875,14.5458333 C7.90416667,14.1625 7.90416667,13.5875 8.2875,13.2041667 C8.67083333,12.8208333 9.29375,12.8208333 9.62916667,13.2041667 L10.875,14.45 L14.0375,11.2875 C14.4208333,10.9041667 14.9958333,10.9041667 15.3791667,11.2875 C15.7625,11.6708333 15.7625,12.2458333 15.3791667,12.6291667 L11.5458333,16.4625 C11.3541667,16.6541667 11.1145833,16.75 10.875,16.75 Z\" fill=\"#000000\"><\/path>\n                      <\/g>\n                    <\/svg>\n\t\t\t\t\t \t<\/div>\n\t\t\t\t\t\t<span class=\"badge badge-primary\"><\/span>\n\t\t\t\t\t\t<div>\n\t\t\t\t\t\t\t<h3>\u00dcberall, jederzeit<\/h3>\n\t\t\t\t\t\t\t<p>Erstellen Sie Serienbriefe f\u00fcr PDF-Dokumente offline. Mit MailMergic bleiben Sie auch ohne Internetverbindung produktiv. <\/p>\n\t\t\t\t\t\t<\/div>\n\t\t\t\t\t<\/div>\n\t\t\t\t\t\t\t\t<\/div>\n\t\t\t\t<\/div>\n\t\t\t\t\t<\/div>\n\t\t<\/div>\n\t\t\t\t<div class=\"elementor-column elementor-col-33 elementor-top-column elementor-element elementor-element-25bc172\" data-id=\"25bc172\" data-element_type=\"column\" data-e-type=\"column\">\n\t\t\t<div class=\"elementor-widget-wrap elementor-element-populated\">\n\t\t\t\t\t\t<div class=\"elementor-element elementor-element-402ace3 animated-fast elementor-invisible elementor-widget elementor-widget-tommusrhodus-card-block\" data-id=\"402ace3\" data-element_type=\"widget\" data-e-type=\"widget\" data-settings=\"{&quot;_animation&quot;:&quot;fadeInUp&quot;,&quot;_animation_delay&quot;:300}\" data-widget_type=\"tommusrhodus-card-block.default\">\n\t\t\t\t<div class=\"elementor-widget-container\">\n\t\t\t\t\t\n\t\t\t\t\t<div class=\"card card-icon-3 card-body justify-content-between\">\n\t\t\t\t\t\t<div class=\"icon-round mb-3 mb-md-4 bg-primary\">\n\t\t\t\t\t\t\t<svg class=\"icon bg-primary\" width=\"24px\" height=\"24px\" viewBox=\"0 0 24 24\" version=\"1.1\" xmlns=\"http:\/\/www.w3.org\/2000\/svg\" xmlns:xlink=\"http:\/\/www.w3.org\/1999\/xlink\">\n                      <title>Shield-check<\/title>\n                      <g stroke=\"none\" stroke-width=\"1\" fill=\"none\" fill-rule=\"evenodd\">\n                        <rect opacity=\"0\" x=\"0\" y=\"0\" width=\"24\" height=\"24\"><\/rect>\n                        <path d=\"M4,4 L11.6314229,2.5691082 C11.8750185,2.52343403 12.1249815,2.52343403 12.3685771,2.5691082 L20,4 L20,13.2830094 C20,16.2173861 18.4883464,18.9447835 16,20.5 L12.5299989,22.6687507 C12.2057287,22.8714196 11.7942713,22.8714196 11.4700011,22.6687507 L8,20.5 C5.51165358,18.9447835 4,16.2173861 4,13.2830094 L4,4 Z\" fill=\"#000000\" opacity=\"0.3\"><\/path>\n                        <path d=\"M11.1750002,14.75 C10.9354169,14.75 10.6958335,14.6541667 10.5041669,14.4625 L8.58750019,12.5458333 C8.20416686,12.1625 8.20416686,11.5875 8.58750019,11.2041667 C8.97083352,10.8208333 9.59375019,10.8208333 9.92916686,11.2041667 L11.1750002,12.45 L14.3375002,9.2875 C14.7208335,8.90416667 15.2958335,8.90416667 15.6791669,9.2875 C16.0625002,9.67083333 16.0625002,10.2458333 15.6791669,10.6291667 L11.8458335,14.4625 C11.6541669,14.6541667 11.4145835,14.75 11.1750002,14.75 Z\" fill=\"#000000\"><\/path>\n                      <\/g>\n                    <\/svg>\n\t\t\t\t\t \t<\/div>\n\t\t\t\t\t\t<span class=\"badge badge-primary\"><\/span>\n\t\t\t\t\t\t<div>\n\t\t\t\t\t\t\t<h3>Compliance<\/h3>\n\t\t\t\t\t\t\t<p>HIPAA-, PCI- und DSGVO-konform. MailMergic stellt sicher, dass Ihre Daten die strengsten Sicherheitsstandards erf\u00fcllen. <\/p>\n\t\t\t\t\t\t<\/div>\n\t\t\t\t\t<\/div>\n\t\t\t\t\t\t\t\t<\/div>\n\t\t\t\t<\/div>\n\t\t\t\t\t<\/div>\n\t\t<\/div>\n\t\t\t\t\t<\/div>\n\t\t<\/section>\n\t\t\t\t<\/div>\n\t\t<div class=\"clearfix\"><\/div>","protected":false},"excerpt":{"rendered":"<p>Sicheres Arbeiten im Offline-Modus 100 % offline mit garantierter Datensicherheit. HIPAA-, PCI- und DSGVO-konform. macOS&#8230;<\/p>\n","protected":false},"author":1,"featured_media":0,"parent":0,"menu_order":0,"comment_status":"closed","ping_status":"closed","template":"elementor_header_footer","meta":{"_angie_page":false,"footnotes":""},"class_list":["post-35617","page","type-page","status-publish","hentry"],"_links":{"self":[{"href":"https:\/\/mailmergic.com\/de\/wp-json\/wp\/v2\/pages\/35617","targetHints":{"allow":["GET"]}}],"collection":[{"href":"https:\/\/mailmergic.com\/de\/wp-json\/wp\/v2\/pages"}],"about":[{"href":"https:\/\/mailmergic.com\/de\/wp-json\/wp\/v2\/types\/page"}],"author":[{"embeddable":true,"href":"https:\/\/mailmergic.com\/de\/wp-json\/wp\/v2\/users\/1"}],"replies":[{"embeddable":true,"href":"https:\/\/mailmergic.com\/de\/wp-json\/wp\/v2\/comments?post=35617"}],"version-history":[{"count":7,"href":"https:\/\/mailmergic.com\/de\/wp-json\/wp\/v2\/pages\/35617\/revisions"}],"predecessor-version":[{"id":38831,"href":"https:\/\/mailmergic.com\/de\/wp-json\/wp\/v2\/pages\/35617\/revisions\/38831"}],"wp:attachment":[{"href":"https:\/\/mailmergic.com\/de\/wp-json\/wp\/v2\/media?parent=35617"}],"curies":[{"name":"wp","href":"https:\/\/api.w.org\/{rel}","templated":true}]}}